{"id":347130,"date":"2026-04-24T10:37:03","date_gmt":"2026-04-24T13:37:03","guid":{"rendered":"https:\/\/www.livrariarema.com.br\/loja\/produtos\/sem categoria\/as-5-linguagens-do-amor-para-quem-tem-pressa-gary-chapman\/"},"modified":"2026-04-30T11:29:44","modified_gmt":"2026-04-30T14:29:44","slug":"as-5-linguagens-do-amor-para-quem-tem-pressa-gary-chapman","status":"publish","type":"product","link":"https:\/\/www.livrariarema.com.br\/loja\/produtos\/livros\/casamento\/as-5-linguagens-do-amor-para-quem-tem-pressa-gary-chapman\/","title":{"rendered":"As 5 Linguagens Do Amor Para Quem Tem Pressa &#8211; Gary Chapman"},"content":{"rendered":"<p>Este livro apresenta o conceito das cinco linguagens do amor de forma direta e objetiva, desenvolvido especialmente para quem tem pouco tempo mas busca melhorar significativamente seu relacionamento conjugal. Gary Chapman, refer\u00eancia mundial em relacionamentos, ensina como comunicar amor de maneira que o c\u00f4njuge realmente compreenda.<\/p>\n<p>Muitos casais enfrentam a frustra\u00e7\u00e3o de amar genuinamente, mas n\u00e3o conseguir transmitir esse sentimento de forma eficaz. A obra aborda esse conflito central mostrando que n\u00e3o basta amar &#8211; \u00e9 fundamental descobrir qual linguagem do amor ressoa com cada pessoa e como aplicar esse conhecimento no dia a dia do relacionamento.<\/p>\n<p>Identifica\u00e7\u00e3o da linguagem do amor pessoal e do c\u00f4njuge atrav\u00e9s de teste inclu\u00eddo<br \/>\nEstrat\u00e9gias pr\u00e1ticas para transformar pequenas atitudes em grandes resultados<br \/>\nM\u00e9todos comprovados para restaurar a intimidade no relacionamento<br \/>\nT\u00e9cnicas para reduzir conflitos e aumentar a satisfa\u00e7\u00e3o conjugal<br \/>\nAbordagem simples e r\u00e1pida para mudan\u00e7as significativas<br \/>\nPara casais que desejam um relacionamento mais conectado e harmonioso, este guia oferece ferramentas pr\u00e1ticas e testadas para fortalecer a comunica\u00e7\u00e3o amorosa e construir uma base s\u00f3lida de compreens\u00e3o m\u00fatua.<\/p>\n","protected":false},"excerpt":{"rendered":"<p>Este livro apresenta o conceito das cinco linguagens do amor de forma direta e objetiva, desenvolvido especialmente para quem tem&hellip;<\/p>\n","protected":false},"featured_media":347816,"comment_status":"open","ping_status":"closed","template":"","meta":[],"product_cat":[155,134],"product_tag":[],"_links":{"self":[{"href":"https:\/\/www.livrariarema.com.br\/loja\/wp-json\/wp\/v2\/product\/347130"}],"collection":[{"href":"https:\/\/www.livrariarema.com.br\/loja\/wp-json\/wp\/v2\/product"}],"about":[{"href":"https:\/\/www.livrariarema.com.br\/loja\/wp-json\/wp\/v2\/types\/product"}],"replies":[{"embeddable":true,"href":"https:\/\/www.livrariarema.com.br\/loja\/wp-json\/wp\/v2\/comments?post=347130"}],"wp:featuredmedia":[{"embeddable":true,"href":"https:\/\/www.livrariarema.com.br\/loja\/wp-json\/wp\/v2\/media\/347816"}],"wp:attachment":[{"href":"https:\/\/www.livrariarema.com.br\/loja\/wp-json\/wp\/v2\/media?parent=347130"}],"wp:term":[{"taxonomy":"product_cat","embeddable":true,"href":"https:\/\/www.livrariarema.com.br\/loja\/wp-json\/wp\/v2\/product_cat?post=347130"},{"taxonomy":"product_tag","embeddable":true,"href":"https:\/\/www.livrariarema.com.br\/loja\/wp-json\/wp\/v2\/product_tag?post=347130"}],"curies":[{"name":"wp","href":"https:\/\/api.w.org\/{rel}","templated":true}]}}