{"id":347143,"date":"2026-04-24T10:38:45","date_gmt":"2026-04-24T13:38:45","guid":{"rendered":"https:\/\/www.livrariarema.com.br\/loja\/produtos\/sem categoria\/se-eu-fosse-voce-lynn-austin\/"},"modified":"2026-04-24T10:38:53","modified_gmt":"2026-04-24T13:38:53","slug":"se-eu-fosse-voce-lynn-austin","status":"publish","type":"product","link":"https:\/\/www.livrariarema.com.br\/loja\/produtos\/livros\/romance\/se-eu-fosse-voce-lynn-austin\/","title":{"rendered":"Se Eu Fosse Voc\u00ea &#8211; Lynn Austin"},"content":{"rendered":"<p>Uma saga emocionante que acompanha Eve Dawson e Audrey Clarkson, duas amigas unidas desde a adolesc\u00eancia em Wellingford Hall, onde suas diferentes origens sociais n\u00e3o impediram uma amizade profunda. Ambientada na Londres de 1945, a obra de Lynn Austin explora como o fim da guerra trouxe novos desafios para essas mulheres que j\u00e1 haviam enfrentado preconceitos, bombardeios e perdas devastadoras.<\/p>\n<p>A narrativa ganha complexidade quando uma escolha inesperada coloca as protagonistas em rota de colis\u00e3o, testando d\u00e9cadas de amizade. Entrela\u00e7ando passado e presente, a autora best-seller e oito vezes vencedora do pr\u00eamio Christy revela como decis\u00f5es tomadas em momentos de crise ecoam por toda uma vida, explorando temas universais atrav\u00e9s do contexto hist\u00f3rico da Segunda Guerra Mundial.<\/p>\n<p>Retrato aut\u00eantico da sociedade inglesa no per\u00edodo p\u00f3s-guerra<br \/>\nPersonagens femininas fortes que enfrentaram bombardeios nazistas e preconceitos sociais<br \/>\nNarrativa que alterna entre diferentes per\u00edodos temporais<br \/>\nAbordagem realista de temas como classes sociais e amizades improv\u00e1veis<br \/>\nObra de autora reconhecida com m\u00faltiplos pr\u00eamios liter\u00e1rios crist\u00e3os<br \/>\nUma leitura envolvente para quem aprecia romances hist\u00f3ricos bem constru\u00eddos, que combinam drama pessoal com contexto hist\u00f3rico aut\u00eantico, explorando coragem, perd\u00e3o e a for\u00e7a dos la\u00e7os humanos em tempos adversos.<\/p>\n","protected":false},"excerpt":{"rendered":"<p>Uma saga emocionante que acompanha Eve Dawson e Audrey Clarkson, duas amigas unidas desde a adolesc\u00eancia em Wellingford Hall, onde&hellip;<\/p>\n","protected":false},"featured_media":347142,"comment_status":"open","ping_status":"closed","template":"","meta":[],"product_cat":[134,182],"product_tag":[],"_links":{"self":[{"href":"https:\/\/www.livrariarema.com.br\/loja\/wp-json\/wp\/v2\/product\/347143"}],"collection":[{"href":"https:\/\/www.livrariarema.com.br\/loja\/wp-json\/wp\/v2\/product"}],"about":[{"href":"https:\/\/www.livrariarema.com.br\/loja\/wp-json\/wp\/v2\/types\/product"}],"replies":[{"embeddable":true,"href":"https:\/\/www.livrariarema.com.br\/loja\/wp-json\/wp\/v2\/comments?post=347143"}],"wp:featuredmedia":[{"embeddable":true,"href":"https:\/\/www.livrariarema.com.br\/loja\/wp-json\/wp\/v2\/media\/347142"}],"wp:attachment":[{"href":"https:\/\/www.livrariarema.com.br\/loja\/wp-json\/wp\/v2\/media?parent=347143"}],"wp:term":[{"taxonomy":"product_cat","embeddable":true,"href":"https:\/\/www.livrariarema.com.br\/loja\/wp-json\/wp\/v2\/product_cat?post=347143"},{"taxonomy":"product_tag","embeddable":true,"href":"https:\/\/www.livrariarema.com.br\/loja\/wp-json\/wp\/v2\/product_tag?post=347143"}],"curies":[{"name":"wp","href":"https:\/\/api.w.org\/{rel}","templated":true}]}}