{"id":347149,"date":"2026-04-24T10:39:27","date_gmt":"2026-04-24T13:39:27","guid":{"rendered":"https:\/\/www.livrariarema.com.br\/loja\/produtos\/sem categoria\/aion-e-a-profecia-do-sol-barbara-mari-bie\/"},"modified":"2026-04-24T10:39:30","modified_gmt":"2026-04-24T13:39:30","slug":"aion-e-a-profecia-do-sol-barbara-mari-bie","status":"publish","type":"product","link":"https:\/\/www.livrariarema.com.br\/loja\/produtos\/livros\/ficcao\/aion-e-a-profecia-do-sol-barbara-mari-bie\/","title":{"rendered":"Aion E A Profecia Do Sol &#8211; B\u00e1rbara Mari Bie"},"content":{"rendered":"<p>E se o mundo fosse condenado a um inverno eterno onde at\u00e9 a esperan\u00e7a fosse considerada um crime contra o Estado? <\/p>\n<p>Em Aion e a profecia do Sol, o Sol \u00e9 apenas uma lenda proibida, mas para Althea, ele \u00e9 a \u00fanica chave para a liberdade. Aqui, B\u00e1rbara M. Bie constr\u00f3i um universo denso, sens\u00edvel e simb\u00f3lico, onde sistemas injustos tentam apagar n\u00e3o apenas a luz do mundo, mas tamb\u00e9m a esperan\u00e7a das pessoas.<\/p>\n<p>A jornada de Althea dialoga com dilemas atuais, como o medo do futuro, a opress\u00e3o, o sil\u00eancio e a resist\u00eancia, ao mesmo tempo em que oferece uma narrativa emocionante, acess\u00edvel e profundamente humana para jovens leitores.<br \/><\/p>\n","protected":false},"excerpt":{"rendered":"<p>E se o mundo fosse condenado a um inverno eterno onde at\u00e9 a esperan\u00e7a fosse considerada um crime contra o&hellip;<\/p>\n","protected":false},"featured_media":347148,"comment_status":"open","ping_status":"closed","template":"","meta":[],"product_cat":[162,134],"product_tag":[],"_links":{"self":[{"href":"https:\/\/www.livrariarema.com.br\/loja\/wp-json\/wp\/v2\/product\/347149"}],"collection":[{"href":"https:\/\/www.livrariarema.com.br\/loja\/wp-json\/wp\/v2\/product"}],"about":[{"href":"https:\/\/www.livrariarema.com.br\/loja\/wp-json\/wp\/v2\/types\/product"}],"replies":[{"embeddable":true,"href":"https:\/\/www.livrariarema.com.br\/loja\/wp-json\/wp\/v2\/comments?post=347149"}],"wp:featuredmedia":[{"embeddable":true,"href":"https:\/\/www.livrariarema.com.br\/loja\/wp-json\/wp\/v2\/media\/347148"}],"wp:attachment":[{"href":"https:\/\/www.livrariarema.com.br\/loja\/wp-json\/wp\/v2\/media?parent=347149"}],"wp:term":[{"taxonomy":"product_cat","embeddable":true,"href":"https:\/\/www.livrariarema.com.br\/loja\/wp-json\/wp\/v2\/product_cat?post=347149"},{"taxonomy":"product_tag","embeddable":true,"href":"https:\/\/www.livrariarema.com.br\/loja\/wp-json\/wp\/v2\/product_tag?post=347149"}],"curies":[{"name":"wp","href":"https:\/\/api.w.org\/{rel}","templated":true}]}}