{"id":347151,"date":"2026-04-24T10:39:34","date_gmt":"2026-04-24T13:39:34","guid":{"rendered":"https:\/\/www.livrariarema.com.br\/loja\/produtos\/sem categoria\/biblioteca-das-historias-nao-contadas-a-gabriella-campos\/"},"modified":"2026-04-24T10:39:37","modified_gmt":"2026-04-24T13:39:37","slug":"biblioteca-das-historias-nao-contadas-a-gabriella-campos","status":"publish","type":"product","link":"https:\/\/www.livrariarema.com.br\/loja\/produtos\/livros\/ficcao\/biblioteca-das-historias-nao-contadas-a-gabriella-campos\/","title":{"rendered":"Biblioteca Das Hist\u00f3rias N\u00e3o Contadas, A &#8211; Gabriella Campos"},"content":{"rendered":"<p>E se voc\u00ea descobrisse que sua vida \u00e9 s\u00f3 o rascunho de uma hist\u00f3ria que algu\u00e9m abandonou?<\/p>\n<p>Em um mundo de templos, drag\u00f5es e monstros forjados em magia, Mai luta para impedir a destrui\u00e7\u00e3o &#8211; at\u00e9 acordar em uma Biblioteca onde vivem personagens esquecidos pela Autora.<\/p>\n<p>Mas hist\u00f3rias inacabadas sempre encontram um jeito de voltar.<\/p>\n","protected":false},"excerpt":{"rendered":"<p>E se voc\u00ea descobrisse que sua vida \u00e9 s\u00f3 o rascunho de uma hist\u00f3ria que algu\u00e9m abandonou? Em um mundo&hellip;<\/p>\n","protected":false},"featured_media":347150,"comment_status":"open","ping_status":"closed","template":"","meta":[],"product_cat":[162,134],"product_tag":[],"_links":{"self":[{"href":"https:\/\/www.livrariarema.com.br\/loja\/wp-json\/wp\/v2\/product\/347151"}],"collection":[{"href":"https:\/\/www.livrariarema.com.br\/loja\/wp-json\/wp\/v2\/product"}],"about":[{"href":"https:\/\/www.livrariarema.com.br\/loja\/wp-json\/wp\/v2\/types\/product"}],"replies":[{"embeddable":true,"href":"https:\/\/www.livrariarema.com.br\/loja\/wp-json\/wp\/v2\/comments?post=347151"}],"wp:featuredmedia":[{"embeddable":true,"href":"https:\/\/www.livrariarema.com.br\/loja\/wp-json\/wp\/v2\/media\/347150"}],"wp:attachment":[{"href":"https:\/\/www.livrariarema.com.br\/loja\/wp-json\/wp\/v2\/media?parent=347151"}],"wp:term":[{"taxonomy":"product_cat","embeddable":true,"href":"https:\/\/www.livrariarema.com.br\/loja\/wp-json\/wp\/v2\/product_cat?post=347151"},{"taxonomy":"product_tag","embeddable":true,"href":"https:\/\/www.livrariarema.com.br\/loja\/wp-json\/wp\/v2\/product_tag?post=347151"}],"curies":[{"name":"wp","href":"https:\/\/api.w.org\/{rel}","templated":true}]}}