{"id":347155,"date":"2026-04-24T10:39:51","date_gmt":"2026-04-24T13:39:51","guid":{"rendered":"https:\/\/www.livrariarema.com.br\/loja\/produtos\/sem categoria\/limonada-de-morango-e-outras-coisas-agridoces-isabela-freixo\/"},"modified":"2026-04-30T11:29:22","modified_gmt":"2026-04-30T14:29:22","slug":"limonada-de-morango-e-outras-coisas-agridoces-isabela-freixo","status":"publish","type":"product","link":"https:\/\/www.livrariarema.com.br\/loja\/produtos\/livros\/romance\/limonada-de-morango-e-outras-coisas-agridoces-isabela-freixo\/","title":{"rendered":"Limonada De Morango E Outras Coisas Agridoces &#8211; Isabela Freixo"},"content":{"rendered":"<p>Em Limonada de morango e outras coisas agridoces, Fiorella e Samuel se encontram entre sonhos, f\u00e9 e recome\u00e7os, descobrindo que o amor verdadeiro n\u00e3o promete caminhos f\u00e1ceis, mas companhia fiel na travessia. Entre alegria e dor, a hist\u00f3ria mostra que Deus continua escrevendo mesmo quando os planos mudam.<\/p>\n<p>Al\u00e9m da narrativa envolvente, o livro conta com trilha sonora original, criada para acompanhar a leitura e aprofundar a experi\u00eancia. Uma hist\u00f3ria sens\u00edvel, atual e inspiradora para quem acredita que, mesmo nas fases mais agridoces da vida, ainda \u00e9 poss\u00edvel encontrar esperan\u00e7a &#8211; e amor.<\/p>\n","protected":false},"excerpt":{"rendered":"<p>Em Limonada de morango e outras coisas agridoces, Fiorella e Samuel se encontram entre sonhos, f\u00e9 e recome\u00e7os, descobrindo que&hellip;<\/p>\n","protected":false},"featured_media":347814,"comment_status":"open","ping_status":"closed","template":"","meta":[],"product_cat":[134,182],"product_tag":[],"_links":{"self":[{"href":"https:\/\/www.livrariarema.com.br\/loja\/wp-json\/wp\/v2\/product\/347155"}],"collection":[{"href":"https:\/\/www.livrariarema.com.br\/loja\/wp-json\/wp\/v2\/product"}],"about":[{"href":"https:\/\/www.livrariarema.com.br\/loja\/wp-json\/wp\/v2\/types\/product"}],"replies":[{"embeddable":true,"href":"https:\/\/www.livrariarema.com.br\/loja\/wp-json\/wp\/v2\/comments?post=347155"}],"wp:featuredmedia":[{"embeddable":true,"href":"https:\/\/www.livrariarema.com.br\/loja\/wp-json\/wp\/v2\/media\/347814"}],"wp:attachment":[{"href":"https:\/\/www.livrariarema.com.br\/loja\/wp-json\/wp\/v2\/media?parent=347155"}],"wp:term":[{"taxonomy":"product_cat","embeddable":true,"href":"https:\/\/www.livrariarema.com.br\/loja\/wp-json\/wp\/v2\/product_cat?post=347155"},{"taxonomy":"product_tag","embeddable":true,"href":"https:\/\/www.livrariarema.com.br\/loja\/wp-json\/wp\/v2\/product_tag?post=347155"}],"curies":[{"name":"wp","href":"https:\/\/api.w.org\/{rel}","templated":true}]}}