{"id":347180,"date":"2026-04-24T14:50:14","date_gmt":"2026-04-24T17:50:14","guid":{"rendered":"https:\/\/www.livrariarema.com.br\/loja\/produtos\/sem%20categoria\/religiao-estranha-como-os-primeiros-cristaos-eram-esquisitos-perigosos-e-cativantes-nijay-gupta\/"},"modified":"2026-04-30T11:21:35","modified_gmt":"2026-04-30T14:21:35","slug":"religiao-estranha-como-os-primeiros-cristaos-eram-esquisitos-perigosos-e-cativantes-nijay-gupta","status":"publish","type":"product","link":"https:\/\/www.livrariarema.com.br\/loja\/produtos\/livros\/historia\/religiao-estranha-como-os-primeiros-cristaos-eram-esquisitos-perigosos-e-cativantes-nijay-gupta\/","title":{"rendered":"Religi\u00e3o Estranha: Como Os Primeiros Crist\u00e3os Eram Esquisitos, Perigosos E Cativantes &#8211; Nijay Gupta"},"content":{"rendered":"<p>Os primeiros crist\u00e3os eram estranhos!<\/p>\n<p>Na sociedade romana, os primeiros crist\u00e3os se destacavam pela estranheza de suas cren\u00e7as e pr\u00e1ticas. Eles acreditavam em coisas incomuns: adoravam um Deus invis\u00edvel, n\u00e3o tinham templos f\u00edsicos nem ofereciam sacrif\u00edcios em seus cultos, chamavam uns aos outros de irm\u00e3os, &#8220;comiam&#8221; do corpo e &#8220;bebiam&#8221; do sangue de Cristo, al\u00e9m de tantas outras condutas que seriam consideradas bizarras e perigosas em compara\u00e7\u00e3o com outras religi\u00f5es do mundo antigo.<\/p>\n<p>Neste livro, Nijay K. Gupta nos leva ao mundo greco-romano, mergulhado nas pr\u00e1ticas de paganismo, idolatria e supersti\u00e7\u00f5es, para revelar por que os crist\u00e3os eram vistos como perigosos, subversivos e, ao mesmo tempo, magn\u00e9ticos.<\/p>\n<p>A obra mostra como uma pequena seita judaica impactou o poderoso Imp\u00e9rio Romano por meio de sua vida cotidiana e como o cuidado com \u00f3rf\u00e3os, doentes, idosos, escravos e outros considerados improdutivos gerou a estranheza que moldou o cora\u00e7\u00e3o da f\u00e9 crist\u00e3. Gupta combina, com profundidade, o melhor da teologia do Novo Testamento com os desafios da igreja do s\u00e9culo 21, mostrando como o exemplo dos primeiros crist\u00e3os pode oferecer modelos de engajamento e esperan\u00e7a aos crentes de hoje.<\/p>\n","protected":false},"excerpt":{"rendered":"<p>Os primeiros crist\u00e3os eram estranhos! Na sociedade romana, os primeiros crist\u00e3os se destacavam pela estranheza de suas cren\u00e7as e pr\u00e1ticas.&hellip;<\/p>\n","protected":false},"featured_media":347776,"comment_status":"open","ping_status":"closed","template":"","meta":[],"product_cat":[194,134],"product_tag":[],"_links":{"self":[{"href":"https:\/\/www.livrariarema.com.br\/loja\/wp-json\/wp\/v2\/product\/347180"}],"collection":[{"href":"https:\/\/www.livrariarema.com.br\/loja\/wp-json\/wp\/v2\/product"}],"about":[{"href":"https:\/\/www.livrariarema.com.br\/loja\/wp-json\/wp\/v2\/types\/product"}],"replies":[{"embeddable":true,"href":"https:\/\/www.livrariarema.com.br\/loja\/wp-json\/wp\/v2\/comments?post=347180"}],"wp:featuredmedia":[{"embeddable":true,"href":"https:\/\/www.livrariarema.com.br\/loja\/wp-json\/wp\/v2\/media\/347776"}],"wp:attachment":[{"href":"https:\/\/www.livrariarema.com.br\/loja\/wp-json\/wp\/v2\/media?parent=347180"}],"wp:term":[{"taxonomy":"product_cat","embeddable":true,"href":"https:\/\/www.livrariarema.com.br\/loja\/wp-json\/wp\/v2\/product_cat?post=347180"},{"taxonomy":"product_tag","embeddable":true,"href":"https:\/\/www.livrariarema.com.br\/loja\/wp-json\/wp\/v2\/product_tag?post=347180"}],"curies":[{"name":"wp","href":"https:\/\/api.w.org\/{rel}","templated":true}]}}