{"id":347203,"date":"2026-04-27T13:51:27","date_gmt":"2026-04-27T16:51:27","guid":{"rendered":"https:\/\/www.livrariarema.com.br\/loja\/produtos\/sem categoria\/ato-conjugal-depois-dos-40-o-tim-e-beverly-lahaye\/"},"modified":"2026-04-28T12:53:48","modified_gmt":"2026-04-28T15:53:48","slug":"ato-conjugal-depois-dos-40-o-tim-e-beverly-lahaye","status":"publish","type":"product","link":"https:\/\/www.livrariarema.com.br\/loja\/produtos\/livros\/casamento\/ato-conjugal-depois-dos-40-o-tim-e-beverly-lahaye\/","title":{"rendered":"Ato Conjugal Depois Dos 40, O &#8211; Tim E Beverly Lahaye"},"content":{"rendered":"<p>Orienta\u00e7\u00e3o pr\u00e1tica sexual para os casais acima de 40 anos.<\/p>\n<p>O sexo depois dos 40 pode ser t\u00e3o bom (ou at\u00e9 melhor) do que nos primeiros anos de casamento, \u00e9 o que afirmam os autores deste livro. Se o casal aprender a enfrentar as dificuldades e limita\u00e7\u00f5es que come\u00e7am a surgir nessa fase, estar\u00e1 preparado para desfrutar das alegrias da intimidade sexual at\u00e9 o fim da vida.<\/p>\n<p>Ent\u00e3o n\u00e3o perca nem um s\u00f3 minuto e comece a ler agora mesmo. Voc\u00ea encontrar\u00e1 respostas a muitas d\u00favidas que todo casal tem a respeito do relacionamento f\u00edsico e ser\u00e1 encorajado a cultivar e a manter uma vida saxual satisfat\u00f3ria e estimulante.<\/p>\n<p>Alguns dos assuntos abordados:<br \/>\n&#8211; Diminui\u00e7\u00e3o do desejo sexual (o que fazer?)<br \/>\n&#8211; Como enfrentar a menopausa feminina e a masculina<br \/>\n&#8211; Cuidados com a alimenta\u00e7\u00e3o e a pr\u00e1tica de exerc\u00edcios f\u00edsicos podem melhorar -seu desempenho sexual<br \/>\n&#8211; Os exames preventivos do c\u00e2ncer de mama e de pr\u00f3stata<br \/>\n&#8211; Como lidar com os problemas de disfun\u00e7\u00e3o da ere\u00e7\u00e3o<br \/>\n&#8211; Tenta\u00e7\u00f5es na \u00e1rea sexual (prepare-se para enfrent\u00e1-las)<\/p>\n<p>Voc\u00ea tamb\u00e9m encontrar\u00e1 um cap\u00edtulo com perguntas e respostas, e o resultado de uma pesquisa feita com 800 pessoas sobre sua vida sexual.<br \/>\n\u00c9 uma leitura imperd\u00edvel principalmente para os casais acima dos 40 anos e que desejam melhorar seu relacionamento amoroso. \u00c9 interessante tamb\u00e9m para os que ainda n\u00e3o chegaram l\u00e1, mas que j\u00e1 querem estar preparados para enfrentar as mudan\u00e7as e surpresas que surgem junto com a maturidade.<\/p>\n","protected":false},"excerpt":{"rendered":"<p>Orienta\u00e7\u00e3o pr\u00e1tica sexual para os casais acima de 40 anos. O sexo depois dos 40 pode ser t\u00e3o bom (ou&hellip;<\/p>\n","protected":false},"featured_media":347454,"comment_status":"open","ping_status":"closed","template":"","meta":[],"product_cat":[155,134],"product_tag":[],"_links":{"self":[{"href":"https:\/\/www.livrariarema.com.br\/loja\/wp-json\/wp\/v2\/product\/347203"}],"collection":[{"href":"https:\/\/www.livrariarema.com.br\/loja\/wp-json\/wp\/v2\/product"}],"about":[{"href":"https:\/\/www.livrariarema.com.br\/loja\/wp-json\/wp\/v2\/types\/product"}],"replies":[{"embeddable":true,"href":"https:\/\/www.livrariarema.com.br\/loja\/wp-json\/wp\/v2\/comments?post=347203"}],"wp:featuredmedia":[{"embeddable":true,"href":"https:\/\/www.livrariarema.com.br\/loja\/wp-json\/wp\/v2\/media\/347454"}],"wp:attachment":[{"href":"https:\/\/www.livrariarema.com.br\/loja\/wp-json\/wp\/v2\/media?parent=347203"}],"wp:term":[{"taxonomy":"product_cat","embeddable":true,"href":"https:\/\/www.livrariarema.com.br\/loja\/wp-json\/wp\/v2\/product_cat?post=347203"},{"taxonomy":"product_tag","embeddable":true,"href":"https:\/\/www.livrariarema.com.br\/loja\/wp-json\/wp\/v2\/product_tag?post=347203"}],"curies":[{"name":"wp","href":"https:\/\/api.w.org\/{rel}","templated":true}]}}