{"id":347218,"date":"2026-04-27T13:57:31","date_gmt":"2026-04-27T16:57:31","guid":{"rendered":"https:\/\/www.livrariarema.com.br\/loja\/produtos\/sem%20categoria\/como-sobreviver-a-um-divorcio-indesejado-lysa-terkeurst\/"},"modified":"2026-04-30T11:20:48","modified_gmt":"2026-04-30T14:20:48","slug":"como-sobreviver-a-um-divorcio-indesejado-lysa-terkeurst","status":"publish","type":"product","link":"https:\/\/www.livrariarema.com.br\/loja\/produtos\/livros\/casamento\/como-sobreviver-a-um-divorcio-indesejado-lysa-terkeurst\/","title":{"rendered":"Como Sobreviver A Um Div\u00f3rcio Indesejado &#8211; Lysa Terkeurst"},"content":{"rendered":"<p>O div\u00f3rcio \u00e9 uma das experi\u00eancias mais doloridas que algu\u00e9m pode enfrentar.<\/p>\n<p>Com a dor, d\u00favidas insistentes v\u00eam \u00e0 mente: &#8220;Por que isso est\u00e1 acontecendo comigo? Por que ele quis assim? Por que Deus n\u00e3o impediu esse sofrimento? Estou pecando ao me divorciar? Estou me tornando menos filha do Pai por isso?&#8221;<\/p>\n<p>Lysa TerKeurst j\u00e1 se fez todas essas perguntas. O fim de seu casamento deixou cicatrizes profundas em sua vida e em sua f\u00e9. A partir dessa experi\u00eancia, e refletindo sobre a import\u00e2ncia de ter algu\u00e9m ao nosso lado em momentos t\u00e3o dif\u00edceis, ela compartilha sua hist\u00f3ria, suas reflex\u00f5es sobre o processo que viveu, as ferramentas que a ajudaram a seguir em frente e as verdades b\u00edblicas que revelam como Deus realmente enxerga o div\u00f3rcio.<\/p>\n<p>A obra tamb\u00e9m conta com a contribui\u00e7\u00e3o de dois homens que caminharam ao lado de Lysa durante esse per\u00edodo dif\u00edcil: o te\u00f3logo, Joel Mudamalle e o seu terapeuta, Jim Cress. Com sensibilidade e sabedoria, eles ajudaram Lysa a encontrar respostas pr\u00e1ticas e de f\u00e9 para alguns dos momentos mais desgastantes do fim de seu casamento. Aqui, eles trazem conceitos e pr\u00e1ticas que podem ajudar voc\u00ea tamb\u00e9m.<\/p>\n<p>Divorciar-se \u00e9 uma das decis\u00f5es mais dif\u00edceis que algu\u00e9m pode tomar. Ningu\u00e9m deve passar por essa fase sozinha. Ao longo do livro, Lysa nos lembra que a ajuda sempre \u00e9 poss\u00edvel, que voc\u00ea n\u00e3o est\u00e1 sozinha em seus sentimentos e dores e que Deus n\u00e3o a abandona em momento algum.<\/p>\n","protected":false},"excerpt":{"rendered":"<p>O div\u00f3rcio \u00e9 uma das experi\u00eancias mais doloridas que algu\u00e9m pode enfrentar. Com a dor, d\u00favidas insistentes v\u00eam \u00e0 mente:&hellip;<\/p>\n","protected":false},"featured_media":347756,"comment_status":"open","ping_status":"closed","template":"","meta":[],"product_cat":[155,134],"product_tag":[],"_links":{"self":[{"href":"https:\/\/www.livrariarema.com.br\/loja\/wp-json\/wp\/v2\/product\/347218"}],"collection":[{"href":"https:\/\/www.livrariarema.com.br\/loja\/wp-json\/wp\/v2\/product"}],"about":[{"href":"https:\/\/www.livrariarema.com.br\/loja\/wp-json\/wp\/v2\/types\/product"}],"replies":[{"embeddable":true,"href":"https:\/\/www.livrariarema.com.br\/loja\/wp-json\/wp\/v2\/comments?post=347218"}],"wp:featuredmedia":[{"embeddable":true,"href":"https:\/\/www.livrariarema.com.br\/loja\/wp-json\/wp\/v2\/media\/347756"}],"wp:attachment":[{"href":"https:\/\/www.livrariarema.com.br\/loja\/wp-json\/wp\/v2\/media?parent=347218"}],"wp:term":[{"taxonomy":"product_cat","embeddable":true,"href":"https:\/\/www.livrariarema.com.br\/loja\/wp-json\/wp\/v2\/product_cat?post=347218"},{"taxonomy":"product_tag","embeddable":true,"href":"https:\/\/www.livrariarema.com.br\/loja\/wp-json\/wp\/v2\/product_tag?post=347218"}],"curies":[{"name":"wp","href":"https:\/\/api.w.org\/{rel}","templated":true}]}}