{"id":347220,"date":"2026-04-27T13:57:39","date_gmt":"2026-04-27T16:57:39","guid":{"rendered":"https:\/\/www.livrariarema.com.br\/loja\/produtos\/sem%20categoria\/amada-e-querida-lynn-cowell-e-michelle-nietert\/"},"modified":"2026-04-30T11:22:01","modified_gmt":"2026-04-30T14:22:01","slug":"amada-e-querida-lynn-cowell-e-michelle-nietert","status":"publish","type":"product","link":"https:\/\/www.livrariarema.com.br\/loja\/produtos\/livros\/devocional\/amada-e-querida-lynn-cowell-e-michelle-nietert\/","title":{"rendered":"Amada E Querida &#8211; Lynn Cowell E Michelle Nietert"},"content":{"rendered":"<p>Um livro para auxiliar garotas a encontrar seguran\u00e7a emocional e espiritual em meio \u00e0s mudan\u00e7as da vida e a confiar em um amor que \u00e9 real, gentil e constante. <br \/> <br \/>\n&#8220;Quanto mais aprendo sobre o quanto Deus me ama, mais eu me amo! Minha confian\u00e7a aumenta \u00e0 medida que descubro o quanto sou amada e querida.&#8221; \u00c9 com essa afirma\u00e7\u00e3o que Lynn Cowell apresenta o desejo que a motivou a escrever este livro: ajudar meninas a encontrar sua identidade no amor de Deus. <br \/>\nAo lado de Michelle Nietert, especialista em aconselhamento infantil, Lynn criou um devocional para acompanhar emo\u00e7\u00f5es reais, d\u00favidas sinceras e descobertas da pr\u00e9-adolesc\u00eancia e adolesc\u00eancia com leveza, acolhimento e verdade b\u00edblica. <br \/>\nOrganizado em 100 dias, cada devocional inclui um vers\u00edculo, uma reflex\u00e3o, uma ora\u00e7\u00e3o simples e uma pr\u00e1tica para colocar em a\u00e7\u00e3o o que aprendeu. Um formato pensado para caber no ritmo da vida: antes de dormir, no devocional em fam\u00edlia, na rotina da escola, em discipulado, em acampamentos ou em grupos de meninas. <\/p>\n","protected":false},"excerpt":{"rendered":"<p>Um livro para auxiliar garotas a encontrar seguran\u00e7a emocional e espiritual em meio \u00e0s mudan\u00e7as da vida e a confiar&hellip;<\/p>\n","protected":false},"featured_media":347757,"comment_status":"open","ping_status":"closed","template":"","meta":[],"product_cat":[158,134],"product_tag":[],"_links":{"self":[{"href":"https:\/\/www.livrariarema.com.br\/loja\/wp-json\/wp\/v2\/product\/347220"}],"collection":[{"href":"https:\/\/www.livrariarema.com.br\/loja\/wp-json\/wp\/v2\/product"}],"about":[{"href":"https:\/\/www.livrariarema.com.br\/loja\/wp-json\/wp\/v2\/types\/product"}],"replies":[{"embeddable":true,"href":"https:\/\/www.livrariarema.com.br\/loja\/wp-json\/wp\/v2\/comments?post=347220"}],"wp:featuredmedia":[{"embeddable":true,"href":"https:\/\/www.livrariarema.com.br\/loja\/wp-json\/wp\/v2\/media\/347757"}],"wp:attachment":[{"href":"https:\/\/www.livrariarema.com.br\/loja\/wp-json\/wp\/v2\/media?parent=347220"}],"wp:term":[{"taxonomy":"product_cat","embeddable":true,"href":"https:\/\/www.livrariarema.com.br\/loja\/wp-json\/wp\/v2\/product_cat?post=347220"},{"taxonomy":"product_tag","embeddable":true,"href":"https:\/\/www.livrariarema.com.br\/loja\/wp-json\/wp\/v2\/product_tag?post=347220"}],"curies":[{"name":"wp","href":"https:\/\/api.w.org\/{rel}","templated":true}]}}