{"id":347222,"date":"2026-04-27T13:57:47","date_gmt":"2026-04-27T16:57:47","guid":{"rendered":"https:\/\/www.livrariarema.com.br\/loja\/produtos\/sem categoria\/como-viver-um-romance-melissa-ferguson\/"},"modified":"2026-04-27T13:57:50","modified_gmt":"2026-04-27T16:57:50","slug":"como-viver-um-romance-melissa-ferguson","status":"publish","type":"product","link":"https:\/\/www.livrariarema.com.br\/loja\/produtos\/livros\/romance\/como-viver-um-romance-melissa-ferguson\/","title":{"rendered":"Como Viver Um Romance &#8211; Melissa Ferguson"},"content":{"rendered":"<p>Assistente editorial em uma editora tradicional\u00edssima &#8211; do tipo que s\u00f3 publicam t\u00edtulos &#8220;altamente intelectuais&#8221; &#8211; Savannah Cade guarda um segredo que poderia custar seu emprego: ela est\u00e1 escrevendo um romance. E n\u00e3o qualquer romance, um que Claire Donovan, editora-chefe do maior selo rom\u00e2ntico do pa\u00eds, quer ler para ontem.<br \/>\nO problema? O manuscrito ainda n\u00e3o est\u00e1 pronto. E, depois de um acidente ca\u00f3tico no escrit\u00f3rio que quase colocou seu texto nas m\u00e3os de William Pennington, filho da CEO e novo editor da casa, Savannah precisa esconder a papelada em uma antiga sala esquecida no pr\u00e9dio.<br \/>\nMas nada a prepara para o que encontra ao voltar no dia seguinte: seu manuscrito est\u00e1 repleto de anota\u00e7\u00f5es nas margens. Inteligentes. Sarc\u00e1sticas. Precisas. Imposs\u00edveis de ignorar.<br \/>\nCom o prazo apertando e a oportunidade de sua vida por um fio, Savannah percebe que n\u00e3o tem escolha sen\u00e3o aceitar a ajuda desse editor secreto. \u00c0 medida que as notas trocadas come\u00e7am a preencher as p\u00e1ginas, ela se d\u00e1 conta que aquele cr\u00edtico misterioso n\u00e3o est\u00e1 se tornando apenas essencial para seu trabalho. mas tamb\u00e9m para sua vida.<br \/>\nSe ao menos soubesse quem ele \u00e9.<br \/>\nUm mergulho saboroso nos bastidores do mundo editorial, Como escrever viver um romance celebra o amor, a literatura e as hist\u00f3rias que escrevemos &#8211; dentro e fora do papel.<\/p>\n","protected":false},"excerpt":{"rendered":"<p>Assistente editorial em uma editora tradicional\u00edssima &#8211; do tipo que s\u00f3 publicam t\u00edtulos &#8220;altamente intelectuais&#8221; &#8211; Savannah Cade guarda um&hellip;<\/p>\n","protected":false},"featured_media":347221,"comment_status":"open","ping_status":"closed","template":"","meta":[],"product_cat":[134,182],"product_tag":[],"_links":{"self":[{"href":"https:\/\/www.livrariarema.com.br\/loja\/wp-json\/wp\/v2\/product\/347222"}],"collection":[{"href":"https:\/\/www.livrariarema.com.br\/loja\/wp-json\/wp\/v2\/product"}],"about":[{"href":"https:\/\/www.livrariarema.com.br\/loja\/wp-json\/wp\/v2\/types\/product"}],"replies":[{"embeddable":true,"href":"https:\/\/www.livrariarema.com.br\/loja\/wp-json\/wp\/v2\/comments?post=347222"}],"wp:featuredmedia":[{"embeddable":true,"href":"https:\/\/www.livrariarema.com.br\/loja\/wp-json\/wp\/v2\/media\/347221"}],"wp:attachment":[{"href":"https:\/\/www.livrariarema.com.br\/loja\/wp-json\/wp\/v2\/media?parent=347222"}],"wp:term":[{"taxonomy":"product_cat","embeddable":true,"href":"https:\/\/www.livrariarema.com.br\/loja\/wp-json\/wp\/v2\/product_cat?post=347222"},{"taxonomy":"product_tag","embeddable":true,"href":"https:\/\/www.livrariarema.com.br\/loja\/wp-json\/wp\/v2\/product_tag?post=347222"}],"curies":[{"name":"wp","href":"https:\/\/api.w.org\/{rel}","templated":true}]}}