{"id":347226,"date":"2026-04-27T13:58:04","date_gmt":"2026-04-27T16:58:04","guid":{"rendered":"https:\/\/www.livrariarema.com.br\/loja\/produtos\/sem categoria\/era-uma-vez-uma-rainha-sarah-arthur\/"},"modified":"2026-04-27T13:58:08","modified_gmt":"2026-04-27T16:58:08","slug":"era-uma-vez-uma-rainha-sarah-arthur","status":"publish","type":"product","link":"https:\/\/www.livrariarema.com.br\/loja\/produtos\/livros\/ficcao\/era-uma-vez-uma-rainha-sarah-arthur\/","title":{"rendered":"Era Uma Vez Uma Rainha &#8211; Sarah Arthur"},"content":{"rendered":"<p>Em todas as hist\u00f3rias antigas, naqueles contos de fadas em que eu ainda acreditava mais ou menos, era assim que acontecia. Crian\u00e7as comuns estavam visitando seus parentes, talvez. Ou presas em internatos. Sozinhas. Incertas. Ansiando por aventura. E, em pouco tempo, a aventura chegava at\u00e9 elas. Pegaram o caminho errado, foram expulsas de tudo que era familiar &#8211; e, de repente, uma porta para outro mundo se abria.<br \/>\nNaquele ver\u00e3o, aos catorze anos, eu estava velha demais para acreditar, \u00e9 claro. Mas o desejo e a vontade ainda estavam l\u00e1.<br \/>\nNa verdade, eles nunca nos deixam. A quest\u00e3o \u00e9 se isso vai tornar nossa esperan\u00e7a mais verdadeira ou nossa ferida mais profunda. Ou os dois.&#8221;<\/p>\n<p>&#8220;Era uma vez uma rainha \u00e9 uma carta de amor de Sarah Arthur \u00e0 grande literatura infantojuvenil. Ao longo do livro, a come\u00e7ar pelo t\u00edtulo, percebe-se seu grande apre\u00e7o por autores cl\u00e1ssicos como C.S. Lewis, J.R.R. Tolkien e E. Nesbit. No entanto, este livro n\u00e3o \u00e9 uma mera homenagem. Nestas p\u00e1ginas, Sarah Arthur conta uma hist\u00f3ria aut\u00eantica e singular, repleta de intriga e encanto, que certamente cativar\u00e1 a imagina\u00e7\u00e3o de uma nova gera\u00e7\u00e3o de leitores.&#8221; &#8211; David Bates, co-apresentador do podcast &#8220;Pints with Jack&#8221;, dedicado \u00e0s obras de C.S. Lewis<\/p>\n","protected":false},"excerpt":{"rendered":"<p>Em todas as hist\u00f3rias antigas, naqueles contos de fadas em que eu ainda acreditava mais ou menos, era assim que&hellip;<\/p>\n","protected":false},"featured_media":347225,"comment_status":"open","ping_status":"closed","template":"","meta":[],"product_cat":[162,134],"product_tag":[],"_links":{"self":[{"href":"https:\/\/www.livrariarema.com.br\/loja\/wp-json\/wp\/v2\/product\/347226"}],"collection":[{"href":"https:\/\/www.livrariarema.com.br\/loja\/wp-json\/wp\/v2\/product"}],"about":[{"href":"https:\/\/www.livrariarema.com.br\/loja\/wp-json\/wp\/v2\/types\/product"}],"replies":[{"embeddable":true,"href":"https:\/\/www.livrariarema.com.br\/loja\/wp-json\/wp\/v2\/comments?post=347226"}],"wp:featuredmedia":[{"embeddable":true,"href":"https:\/\/www.livrariarema.com.br\/loja\/wp-json\/wp\/v2\/media\/347225"}],"wp:attachment":[{"href":"https:\/\/www.livrariarema.com.br\/loja\/wp-json\/wp\/v2\/media?parent=347226"}],"wp:term":[{"taxonomy":"product_cat","embeddable":true,"href":"https:\/\/www.livrariarema.com.br\/loja\/wp-json\/wp\/v2\/product_cat?post=347226"},{"taxonomy":"product_tag","embeddable":true,"href":"https:\/\/www.livrariarema.com.br\/loja\/wp-json\/wp\/v2\/product_tag?post=347226"}],"curies":[{"name":"wp","href":"https:\/\/api.w.org\/{rel}","templated":true}]}}