{"id":347234,"date":"2026-04-27T13:58:33","date_gmt":"2026-04-27T16:58:33","guid":{"rendered":"https:\/\/www.livrariarema.com.br\/loja\/produtos\/sem categoria\/simplesmente-cristao-por-que-o-cristianismo-faz-sentido-n-t-wright\/"},"modified":"2026-05-02T10:40:28","modified_gmt":"2026-05-02T13:40:28","slug":"simplesmente-cristao-por-que-o-cristianismo-faz-sentido-n-t-wright","status":"publish","type":"product","link":"https:\/\/www.livrariarema.com.br\/loja\/produtos\/livros\/cristianismo\/simplesmente-cristao-por-que-o-cristianismo-faz-sentido-n-t-wright\/","title":{"rendered":"Simplesmente Crist\u00e3o: Por Que O Cristianismo Faz Sentido &#8211; N. T. Wright"},"content":{"rendered":"<p>Ainda faz sentido ser crist\u00e3o?<\/p>\n<p>O cristianismo talvez fizesse sentido durante a Idade M\u00e9dia ou, quem sabe, at\u00e9 algumas d\u00e9cadas atr\u00e1s. Contudo, ser\u00e1 que ainda \u00e9 poss\u00edvel ser crist\u00e3o em um mundo t\u00e3o complexo como o que vivemos hoje? Afinal, somos atravessados diariamente por tens\u00f5es existenciais; queremos amar e ser amados; experimentamos crises econ\u00f4micas e instabilidades pol\u00edticas; as injusti\u00e7as sociais nos entristecem; sentimos cansa\u00e7o e desesperan\u00e7a. Para muitos, essa realidade impede que tenhamos qualquer tipo de f\u00e9. Entretanto, de acordo com o te\u00f3logo N. T. Wright, h\u00e1 uma forma melhor &#8211; e muito mais esperan\u00e7osa &#8211; de enxergar tudo isso.<\/p>\n<p>Conforme argumenta, esses sentimentos desconfort\u00e1veis s\u00e3o placas de sinaliza\u00e7\u00e3o que apontam para um profundo desejo nativo em n\u00f3s: o de que o mundo precisa ser consertado. Neste cen\u00e1rio, o cristianismo n\u00e3o apenas faz sentido; ele se mostra necess\u00e1rio!<\/p>\n<p>Em Simplesmente crist\u00e3o, Wright apresenta a f\u00e9 crist\u00e3 como a \u00fanica resposta poss\u00edvel para todas as quest\u00f5es essenciais da vida. A obra foi escrita tanto para aqueles que j\u00e1 acreditam em Jesus &#8211; ajudando-os a lidar com as d\u00favidas que surgem na jornada, fortalecendo a f\u00e9 e incentivando o engajamento aqui e agora &#8211; quanto para quem ainda est\u00e1 de fora, oferecendo respostas honestas \u00e0s suas perguntas mais dif\u00edceis, reconhecendo as suas dores ocultas e lidando com as suas obje\u00e7\u00f5es mais sinceras.<\/p>\n<p>Este livro \u00e9 um convite para descobrirmos por que o cristianismo, longe de ser complicado ou ultrapassado, faz sentido de forma profunda, bela e transformadora.<\/p>\n","protected":false},"excerpt":{"rendered":"<p>Ainda faz sentido ser crist\u00e3o? O cristianismo talvez fizesse sentido durante a Idade M\u00e9dia ou, quem sabe, at\u00e9 algumas d\u00e9cadas&hellip;<\/p>\n","protected":false},"featured_media":347766,"comment_status":"open","ping_status":"closed","template":"","meta":[],"product_cat":[244,134],"product_tag":[],"_links":{"self":[{"href":"https:\/\/www.livrariarema.com.br\/loja\/wp-json\/wp\/v2\/product\/347234"}],"collection":[{"href":"https:\/\/www.livrariarema.com.br\/loja\/wp-json\/wp\/v2\/product"}],"about":[{"href":"https:\/\/www.livrariarema.com.br\/loja\/wp-json\/wp\/v2\/types\/product"}],"replies":[{"embeddable":true,"href":"https:\/\/www.livrariarema.com.br\/loja\/wp-json\/wp\/v2\/comments?post=347234"}],"wp:featuredmedia":[{"embeddable":true,"href":"https:\/\/www.livrariarema.com.br\/loja\/wp-json\/wp\/v2\/media\/347766"}],"wp:attachment":[{"href":"https:\/\/www.livrariarema.com.br\/loja\/wp-json\/wp\/v2\/media?parent=347234"}],"wp:term":[{"taxonomy":"product_cat","embeddable":true,"href":"https:\/\/www.livrariarema.com.br\/loja\/wp-json\/wp\/v2\/product_cat?post=347234"},{"taxonomy":"product_tag","embeddable":true,"href":"https:\/\/www.livrariarema.com.br\/loja\/wp-json\/wp\/v2\/product_tag?post=347234"}],"curies":[{"name":"wp","href":"https:\/\/api.w.org\/{rel}","templated":true}]}}