{"id":347379,"date":"2026-04-28T09:37:18","date_gmt":"2026-04-28T12:37:18","guid":{"rendered":"https:\/\/www.livrariarema.com.br\/loja\/produtos\/sem categoria\/caneca-empilhada-dupla-pessoas-que-fazem-a-diferenca\/"},"modified":"2026-04-28T09:40:29","modified_gmt":"2026-04-28T12:40:29","slug":"caneca-empilhada-dupla-pessoas-que-fazem-a-diferenca","status":"publish","type":"product","link":"https:\/\/www.livrariarema.com.br\/loja\/produtos\/diversos\/caneca\/caneca-empilhada-dupla-pessoas-que-fazem-a-diferenca\/","title":{"rendered":"Caneca Empilhada &#8211; Dupla &#8211; Pessoas Que Fazem A Diferen\u00e7a"},"content":{"rendered":"<p>A CANECA EMPILHADA DUPLA \u00e9 perfeita para aqueles momentos em que voc\u00ea deseja saborear um cafezinho, mas n\u00e3o tem nenhuma caneca \u00e0 m\u00e3o.<br \/>\nCom essa dupla, seu lanche da tarde est\u00e1 garantido, pois cada uma delas possui uma capacidade de 210ml, proporcionando a quantidade certa para satisfazer sua vontade por um caf\u00e9 quentinho!<br \/>\nSeja no home office ou durante o caf\u00e9 da tarde para uma conversa descontra\u00edda, estas canecas s\u00e3o companheiras ideais para todas as suas aventuras!<\/p>\n","protected":false},"excerpt":{"rendered":"<p>A CANECA EMPILHADA DUPLA \u00e9 perfeita para aqueles momentos em que voc\u00ea deseja saborear um cafezinho, mas n\u00e3o tem nenhuma&hellip;<\/p>\n","protected":false},"featured_media":347378,"comment_status":"open","ping_status":"closed","template":"","meta":[],"product_cat":[235,132],"product_tag":[],"_links":{"self":[{"href":"https:\/\/www.livrariarema.com.br\/loja\/wp-json\/wp\/v2\/product\/347379"}],"collection":[{"href":"https:\/\/www.livrariarema.com.br\/loja\/wp-json\/wp\/v2\/product"}],"about":[{"href":"https:\/\/www.livrariarema.com.br\/loja\/wp-json\/wp\/v2\/types\/product"}],"replies":[{"embeddable":true,"href":"https:\/\/www.livrariarema.com.br\/loja\/wp-json\/wp\/v2\/comments?post=347379"}],"wp:featuredmedia":[{"embeddable":true,"href":"https:\/\/www.livrariarema.com.br\/loja\/wp-json\/wp\/v2\/media\/347378"}],"wp:attachment":[{"href":"https:\/\/www.livrariarema.com.br\/loja\/wp-json\/wp\/v2\/media?parent=347379"}],"wp:term":[{"taxonomy":"product_cat","embeddable":true,"href":"https:\/\/www.livrariarema.com.br\/loja\/wp-json\/wp\/v2\/product_cat?post=347379"},{"taxonomy":"product_tag","embeddable":true,"href":"https:\/\/www.livrariarema.com.br\/loja\/wp-json\/wp\/v2\/product_tag?post=347379"}],"curies":[{"name":"wp","href":"https:\/\/api.w.org\/{rel}","templated":true}]}}