{"id":347501,"date":"2026-04-29T13:34:01","date_gmt":"2026-04-29T16:34:01","guid":{"rendered":"https:\/\/www.livrariarema.com.br\/loja\/produtos\/sem categoria\/ra085tilexglv-biblia-letra-extragigante-com-indice-preta\/"},"modified":"2026-04-29T13:34:04","modified_gmt":"2026-04-29T16:34:04","slug":"ra085tilexglv-biblia-letra-extragigante-com-indice-preta","status":"publish","type":"product","link":"https:\/\/www.livrariarema.com.br\/loja\/produtos\/biblias\/revista-atualizada\/ra085tilexglv-biblia-letra-extragigante-com-indice-preta\/","title":{"rendered":"Ra085tilexglv &#8211; Biblia Letra Extragigante &#8211; Com \u00cdndice &#8211; Preta"},"content":{"rendered":"<p>B\u00edblia Sagrada Como encontrar ajuda na B\u00edblia, Leituras para dias especiais, Notas e refer\u00eancia b\u00edblicas, O que a B\u00edblia diz sobre o perd\u00e3o de Deus, Palavras de Jesus impressas em Vermelho, Tabela de pesos, moedas e medidas &#8211; Letra ExtraGigante &#8211; Almeida Revista e Atualizada (ARA)<br \/>\nExperimente uma leitura confort\u00e1vel e sem esfor\u00e7o com esta B\u00edblia em LETRA GIGANTE, especialmente desenvolvida para proporcionar m\u00e1ximo conforto visual.<\/p>\n<p>RECURSOS ESPECIAIS:<br \/>\n&#8211; Letra ExtraGigante para leitura facilitada<br \/>\n&#8211; Tabela de pesos, moedas e medidas<br \/>\n&#8211; Como encontrar ajuda na B\u00edblia<br \/>\n&#8211; Leituras para dias especiais<br \/>\n&#8211; O que a B\u00edblia diz sobre o perd\u00e3o de Deus<\/p>\n","protected":false},"excerpt":{"rendered":"<p>B\u00edblia Sagrada Como encontrar ajuda na B\u00edblia, Leituras para dias especiais, Notas e refer\u00eancia b\u00edblicas, O que a B\u00edblia diz&hellip;<\/p>\n","protected":false},"featured_media":347500,"comment_status":"open","ping_status":"closed","template":"","meta":[],"product_cat":[139,173],"product_tag":[],"_links":{"self":[{"href":"https:\/\/www.livrariarema.com.br\/loja\/wp-json\/wp\/v2\/product\/347501"}],"collection":[{"href":"https:\/\/www.livrariarema.com.br\/loja\/wp-json\/wp\/v2\/product"}],"about":[{"href":"https:\/\/www.livrariarema.com.br\/loja\/wp-json\/wp\/v2\/types\/product"}],"replies":[{"embeddable":true,"href":"https:\/\/www.livrariarema.com.br\/loja\/wp-json\/wp\/v2\/comments?post=347501"}],"wp:featuredmedia":[{"embeddable":true,"href":"https:\/\/www.livrariarema.com.br\/loja\/wp-json\/wp\/v2\/media\/347500"}],"wp:attachment":[{"href":"https:\/\/www.livrariarema.com.br\/loja\/wp-json\/wp\/v2\/media?parent=347501"}],"wp:term":[{"taxonomy":"product_cat","embeddable":true,"href":"https:\/\/www.livrariarema.com.br\/loja\/wp-json\/wp\/v2\/product_cat?post=347501"},{"taxonomy":"product_tag","embeddable":true,"href":"https:\/\/www.livrariarema.com.br\/loja\/wp-json\/wp\/v2\/product_tag?post=347501"}],"curies":[{"name":"wp","href":"https:\/\/api.w.org\/{rel}","templated":true}]}}