{"id":347503,"date":"2026-04-29T13:34:10","date_gmt":"2026-04-29T16:34:10","guid":{"rendered":"https:\/\/www.livrariarema.com.br\/loja\/produtos\/sem categoria\/ra065lg-biblia-letra-grande-duotone-flor\/"},"modified":"2026-04-29T13:34:12","modified_gmt":"2026-04-29T16:34:12","slug":"ra065lg-biblia-letra-grande-duotone-flor","status":"publish","type":"product","link":"https:\/\/www.livrariarema.com.br\/loja\/produtos\/biblias\/revista-atualizada\/ra065lg-biblia-letra-grande-duotone-flor\/","title":{"rendered":"Ra065lg &#8211; B\u00edblia Letra Grande &#8211; Duotone &#8211; Flor"},"content":{"rendered":"<p>B\u00edblia Sagrada Conte\u00fado da B\u00edblia, Leituras para dias especiais, Mapas, Notas e refer\u00eancia b\u00edblicas, Palavras de orienta\u00e7\u00e3o e consolo, Plano de evangeliza\u00e7\u00e3o pessoal &#8211; Letra Grande &#8211; Almeida Revista e Atualizada (ARA)<br \/>\nDesfrute de uma leitura mais confort\u00e1vel com esta B\u00edblia em LETRA GRANDE, ideal para longos per\u00edodos de estudo e medita\u00e7\u00e3o.<\/p>\n","protected":false},"excerpt":{"rendered":"<p>B\u00edblia Sagrada Conte\u00fado da B\u00edblia, Leituras para dias especiais, Mapas, Notas e refer\u00eancia b\u00edblicas, Palavras de orienta\u00e7\u00e3o e consolo, Plano&hellip;<\/p>\n","protected":false},"featured_media":347502,"comment_status":"open","ping_status":"closed","template":"","meta":[],"product_cat":[139,173],"product_tag":[],"_links":{"self":[{"href":"https:\/\/www.livrariarema.com.br\/loja\/wp-json\/wp\/v2\/product\/347503"}],"collection":[{"href":"https:\/\/www.livrariarema.com.br\/loja\/wp-json\/wp\/v2\/product"}],"about":[{"href":"https:\/\/www.livrariarema.com.br\/loja\/wp-json\/wp\/v2\/types\/product"}],"replies":[{"embeddable":true,"href":"https:\/\/www.livrariarema.com.br\/loja\/wp-json\/wp\/v2\/comments?post=347503"}],"wp:featuredmedia":[{"embeddable":true,"href":"https:\/\/www.livrariarema.com.br\/loja\/wp-json\/wp\/v2\/media\/347502"}],"wp:attachment":[{"href":"https:\/\/www.livrariarema.com.br\/loja\/wp-json\/wp\/v2\/media?parent=347503"}],"wp:term":[{"taxonomy":"product_cat","embeddable":true,"href":"https:\/\/www.livrariarema.com.br\/loja\/wp-json\/wp\/v2\/product_cat?post=347503"},{"taxonomy":"product_tag","embeddable":true,"href":"https:\/\/www.livrariarema.com.br\/loja\/wp-json\/wp\/v2\/product_tag?post=347503"}],"curies":[{"name":"wp","href":"https:\/\/api.w.org\/{rel}","templated":true}]}}