{"id":347614,"date":"2026-04-29T13:56:53","date_gmt":"2026-04-29T16:56:53","guid":{"rendered":"https:\/\/www.livrariarema.com.br\/loja\/produtos\/sem categoria\/na065mlv-biblia-slim-marrom\/"},"modified":"2026-04-29T13:56:55","modified_gmt":"2026-04-29T16:56:55","slug":"na065mlv-biblia-slim-marrom","status":"publish","type":"product","link":"https:\/\/www.livrariarema.com.br\/loja\/produtos\/biblias\/nova-almeida-atualizada\/na065mlv-biblia-slim-marrom\/","title":{"rendered":"Na065mlv &#8211; B\u00edblia Slim &#8211; Marrom"},"content":{"rendered":"<p>B\u00edblia Sagrada Capa Couro Sint\u00e9tico Nova Almeida Atualizada NAA. Edi\u00e7\u00e3o especial com texto claro e fiel \u00e0s Escrituras. Possui capa em couro sint\u00e9tico de alta qualidade, resistente ao uso di\u00e1rio e com design elegante. Ideal para leitura, estudo, medita\u00e7\u00e3o, uso em cultos ou para presentear. Uma B\u00edblia que une beleza, durabilidade e praticidade.<\/p>\n<p>Recursos:<br \/>\n&#8211; Como navegar na B\u00edblia<br \/>\n&#8211; Vamos conhecer melhor a B\u00edblia?<br \/>\n&#8211; A Salva\u00e7\u00e3o \u00e9 para voc\u00ea<br \/>\n&#8211; O que a B\u00edblia diz sobre o perd\u00e3o de Deus<br \/>\n&#8211; Leituras para dias especiais<br \/>\n&#8211; Mapas<br \/>\n&#8211; Refer\u00eancias cruzadas<br \/>\n&#8211; Palavras de Jesus em Vermelho<\/p>\n","protected":false},"excerpt":{"rendered":"<p>B\u00edblia Sagrada Capa Couro Sint\u00e9tico Nova Almeida Atualizada NAA. Edi\u00e7\u00e3o especial com texto claro e fiel \u00e0s Escrituras. Possui capa&hellip;<\/p>\n","protected":false},"featured_media":347613,"comment_status":"open","ping_status":"closed","template":"","meta":[],"product_cat":[139,174],"product_tag":[],"_links":{"self":[{"href":"https:\/\/www.livrariarema.com.br\/loja\/wp-json\/wp\/v2\/product\/347614"}],"collection":[{"href":"https:\/\/www.livrariarema.com.br\/loja\/wp-json\/wp\/v2\/product"}],"about":[{"href":"https:\/\/www.livrariarema.com.br\/loja\/wp-json\/wp\/v2\/types\/product"}],"replies":[{"embeddable":true,"href":"https:\/\/www.livrariarema.com.br\/loja\/wp-json\/wp\/v2\/comments?post=347614"}],"wp:featuredmedia":[{"embeddable":true,"href":"https:\/\/www.livrariarema.com.br\/loja\/wp-json\/wp\/v2\/media\/347613"}],"wp:attachment":[{"href":"https:\/\/www.livrariarema.com.br\/loja\/wp-json\/wp\/v2\/media?parent=347614"}],"wp:term":[{"taxonomy":"product_cat","embeddable":true,"href":"https:\/\/www.livrariarema.com.br\/loja\/wp-json\/wp\/v2\/product_cat?post=347614"},{"taxonomy":"product_tag","embeddable":true,"href":"https:\/\/www.livrariarema.com.br\/loja\/wp-json\/wp\/v2\/product_tag?post=347614"}],"curies":[{"name":"wp","href":"https:\/\/api.w.org\/{rel}","templated":true}]}}