{"id":347620,"date":"2026-04-29T13:57:08","date_gmt":"2026-04-29T16:57:08","guid":{"rendered":"https:\/\/www.livrariarema.com.br\/loja\/produtos\/sem categoria\/na063mlv-biblia-capa-dura-mare\/"},"modified":"2026-04-29T13:57:10","modified_gmt":"2026-04-29T16:57:10","slug":"na063mlv-biblia-capa-dura-mare","status":"publish","type":"product","link":"https:\/\/www.livrariarema.com.br\/loja\/produtos\/biblias\/nova-almeida-atualizada\/na063mlv-biblia-capa-dura-mare\/","title":{"rendered":"Na063mlv &#8211; B\u00edblia &#8211; Capa Dura &#8211; Mare"},"content":{"rendered":"<p>Descubra a Palavra de Deus de forma clara e acess\u00edvel com esta edi\u00e7\u00e3o especial da B\u00edblia Sagrada.<br \/>\nPALAVRAS DE JESUS EM VERMELHO:<br \/>\nAs falas de Jesus est\u00e3o destacadas em vermelho, facilitando o estudo e a identifica\u00e7\u00e3o imediata das Suas palavras.<\/p>\n","protected":false},"excerpt":{"rendered":"<p>Descubra a Palavra de Deus de forma clara e acess\u00edvel com esta edi\u00e7\u00e3o especial da B\u00edblia Sagrada. PALAVRAS DE JESUS&hellip;<\/p>\n","protected":false},"featured_media":347619,"comment_status":"open","ping_status":"closed","template":"","meta":[],"product_cat":[139,174],"product_tag":[],"_links":{"self":[{"href":"https:\/\/www.livrariarema.com.br\/loja\/wp-json\/wp\/v2\/product\/347620"}],"collection":[{"href":"https:\/\/www.livrariarema.com.br\/loja\/wp-json\/wp\/v2\/product"}],"about":[{"href":"https:\/\/www.livrariarema.com.br\/loja\/wp-json\/wp\/v2\/types\/product"}],"replies":[{"embeddable":true,"href":"https:\/\/www.livrariarema.com.br\/loja\/wp-json\/wp\/v2\/comments?post=347620"}],"wp:featuredmedia":[{"embeddable":true,"href":"https:\/\/www.livrariarema.com.br\/loja\/wp-json\/wp\/v2\/media\/347619"}],"wp:attachment":[{"href":"https:\/\/www.livrariarema.com.br\/loja\/wp-json\/wp\/v2\/media?parent=347620"}],"wp:term":[{"taxonomy":"product_cat","embeddable":true,"href":"https:\/\/www.livrariarema.com.br\/loja\/wp-json\/wp\/v2\/product_cat?post=347620"},{"taxonomy":"product_tag","embeddable":true,"href":"https:\/\/www.livrariarema.com.br\/loja\/wp-json\/wp\/v2\/product_tag?post=347620"}],"curies":[{"name":"wp","href":"https:\/\/api.w.org\/{rel}","templated":true}]}}