{"id":347649,"date":"2026-04-29T13:59:13","date_gmt":"2026-04-29T16:59:13","guid":{"rendered":"https:\/\/www.livrariarema.com.br\/loja\/produtos\/sem categoria\/arc065bpap-biblia-da-pregadora-pentecostal-ilustrada-beira-florida\/"},"modified":"2026-04-29T13:59:16","modified_gmt":"2026-04-29T16:59:16","slug":"arc065bpap-biblia-da-pregadora-pentecostal-ilustrada-beira-florida","status":"publish","type":"product","link":"https:\/\/www.livrariarema.com.br\/loja\/produtos\/biblias\/estudo-feminina\/arc065bpap-biblia-da-pregadora-pentecostal-ilustrada-beira-florida\/","title":{"rendered":"Arc065bpap &#8211; B\u00edblia Da Pregadora Pentecostal &#8211; Ilustrada Beira Florida"},"content":{"rendered":"<p>B\u00edblia Sagrada Concord\u00e2ncia b\u00edblica, Concord\u00e2ncia tem\u00e1tica, Tabela de pesos, moedas e medidas &#8211; Letra Regular &#8211; Almeida Revista e Corrigida (ARC)<br \/>\nDescubra a Palavra de Deus de forma clara e acess\u00edvel com esta edi\u00e7\u00e3o especial da B\u00edblia Sagrada.<\/p>\n","protected":false},"excerpt":{"rendered":"<p>B\u00edblia Sagrada Concord\u00e2ncia b\u00edblica, Concord\u00e2ncia tem\u00e1tica, Tabela de pesos, moedas e medidas &#8211; Letra Regular &#8211; Almeida Revista e Corrigida&hellip;<\/p>\n","protected":false},"featured_media":347648,"comment_status":"open","ping_status":"closed","template":"","meta":[],"product_cat":[139,175],"product_tag":[],"_links":{"self":[{"href":"https:\/\/www.livrariarema.com.br\/loja\/wp-json\/wp\/v2\/product\/347649"}],"collection":[{"href":"https:\/\/www.livrariarema.com.br\/loja\/wp-json\/wp\/v2\/product"}],"about":[{"href":"https:\/\/www.livrariarema.com.br\/loja\/wp-json\/wp\/v2\/types\/product"}],"replies":[{"embeddable":true,"href":"https:\/\/www.livrariarema.com.br\/loja\/wp-json\/wp\/v2\/comments?post=347649"}],"wp:featuredmedia":[{"embeddable":true,"href":"https:\/\/www.livrariarema.com.br\/loja\/wp-json\/wp\/v2\/media\/347648"}],"wp:attachment":[{"href":"https:\/\/www.livrariarema.com.br\/loja\/wp-json\/wp\/v2\/media?parent=347649"}],"wp:term":[{"taxonomy":"product_cat","embeddable":true,"href":"https:\/\/www.livrariarema.com.br\/loja\/wp-json\/wp\/v2\/product_cat?post=347649"},{"taxonomy":"product_tag","embeddable":true,"href":"https:\/\/www.livrariarema.com.br\/loja\/wp-json\/wp\/v2\/product_tag?post=347649"}],"curies":[{"name":"wp","href":"https:\/\/api.w.org\/{rel}","templated":true}]}}