{"id":347659,"date":"2026-04-29T14:00:18","date_gmt":"2026-04-29T17:00:18","guid":{"rendered":"https:\/\/www.livrariarema.com.br\/loja\/produtos\/sem categoria\/na085lgmoody-biblia-sagrada-d-l-moody-aston-chumbo\/"},"modified":"2026-04-29T14:00:21","modified_gmt":"2026-04-29T17:00:21","slug":"na085lgmoody-biblia-sagrada-d-l-moody-aston-chumbo","status":"publish","type":"product","link":"https:\/\/www.livrariarema.com.br\/loja\/produtos\/biblias\/estudo\/na085lgmoody-biblia-sagrada-d-l-moody-aston-chumbo\/","title":{"rendered":"Na085lgmoody &#8211; B\u00edblia Sagrada D.L. Moody &#8211; Aston Chumbo"},"content":{"rendered":"<p>D. L. Moody foi um dos maiores pregadores do chamado Avivalismo do s\u00e9culo 19. Seus serm\u00f5es desempenharam um papel fundamental na forma\u00e7\u00e3o da identidade evang\u00e9lica moderna: uma f\u00e9 marcada pela urg\u00eancia da convers\u00e3o, pela busca incessante da santidade pessoal, pela centralidade absoluta das Escrituras e por uma paix\u00e3o pelo alcance dos perdidos.<\/p>\n<p>\u00c9 nesse mesmo esp\u00edrito que apresentamos a B\u00edblia Sagrada D. L. Moody, com o texto b\u00edblico na vers\u00e3o Nova Almeida Atualizada (NAA), amplamente reconhecida por sua fidelidade ao original e clareza de linguagem.<\/p>\n<p>Al\u00e9m do texto sagrado, esta edi\u00e7\u00e3o re\u00fane recursos valiosos extra\u00eddos da vida e da obra do grande evangelista.<\/p>\n<p>&#8211; Biografias devocionais inspira\u00e7\u00e3o atrav\u00e9s da hist\u00f3ria de v\u00e1rios personagens b\u00edblicos.<br \/>\n&#8211; Serm\u00f5es de D. L. Moody. Mensagens selecionadas que impactaram gera\u00e7\u00f5es.<br \/>\n&#8211; Coment\u00e1rio tem\u00e1tico teologia pr\u00e1tica aplicada \u00e0 vida crist\u00e3.<br \/>\n&#8211; Notas homil\u00e9ticas esbo\u00e7os e estruturas de prega\u00e7\u00e3o para apoio pastoral.<br \/>\n&#8211; Hist\u00f3rias e ilustra\u00e7\u00f5es 254 ilustra\u00e7\u00f5es usadas por Moody em seus serm\u00f5es.<br \/>\n&#8211; Notas da B\u00edblia pessoal de Moody observa\u00e7\u00f5es manuscritas do pr\u00f3prio pregador.<br \/>\n&#8211; Vida e legado biografia detalhada e hist\u00f3rias sobre D. L. Moody.<\/p>\n","protected":false},"excerpt":{"rendered":"<p>D. L. Moody foi um dos maiores pregadores do chamado Avivalismo do s\u00e9culo 19. Seus serm\u00f5es desempenharam um papel fundamental&hellip;<\/p>\n","protected":false},"featured_media":347658,"comment_status":"open","ping_status":"closed","template":"","meta":[],"product_cat":[139,140],"product_tag":[],"_links":{"self":[{"href":"https:\/\/www.livrariarema.com.br\/loja\/wp-json\/wp\/v2\/product\/347659"}],"collection":[{"href":"https:\/\/www.livrariarema.com.br\/loja\/wp-json\/wp\/v2\/product"}],"about":[{"href":"https:\/\/www.livrariarema.com.br\/loja\/wp-json\/wp\/v2\/types\/product"}],"replies":[{"embeddable":true,"href":"https:\/\/www.livrariarema.com.br\/loja\/wp-json\/wp\/v2\/comments?post=347659"}],"wp:featuredmedia":[{"embeddable":true,"href":"https:\/\/www.livrariarema.com.br\/loja\/wp-json\/wp\/v2\/media\/347658"}],"wp:attachment":[{"href":"https:\/\/www.livrariarema.com.br\/loja\/wp-json\/wp\/v2\/media?parent=347659"}],"wp:term":[{"taxonomy":"product_cat","embeddable":true,"href":"https:\/\/www.livrariarema.com.br\/loja\/wp-json\/wp\/v2\/product_cat?post=347659"},{"taxonomy":"product_tag","embeddable":true,"href":"https:\/\/www.livrariarema.com.br\/loja\/wp-json\/wp\/v2\/product_tag?post=347659"}],"curies":[{"name":"wp","href":"https:\/\/api.w.org\/{rel}","templated":true}]}}