{"id":347775,"date":"2026-04-30T11:20:25","date_gmt":"2026-04-30T14:20:25","guid":{"rendered":"https:\/\/www.livrariarema.com.br\/loja\/produtos\/sem categoria\/dama-dos-desejos-nadine-brandes\/"},"modified":"2026-04-30T11:20:30","modified_gmt":"2026-04-30T14:20:30","slug":"dama-dos-desejos-nadine-brandes","status":"publish","type":"product","link":"https:\/\/www.livrariarema.com.br\/loja\/produtos\/livros\/ficcao\/dama-dos-desejos-nadine-brandes\/","title":{"rendered":"Dama Dos Desejos &#8211; Nadine Brandes"},"content":{"rendered":"<p>ELA TRANSFORMA L\u00c1GRIMAS EM DESEJOS. A PR\u00d3XIMA A MATAR\u00c1.<\/p>\n<p>Myrthe nunca pediu para ser a Dama dos Desejos. Dona do dom mais cobi\u00e7ado de Winterune, mas condenada por uma maldi\u00e7\u00e3o, o pr\u00f3ximo desejo que realizar ser\u00e1 o seu fim. Para salvar a si mesma, ela precisa atravessar o reino e chegar ao lend\u00e1rio  Po\u00e7o dos Talentos antes que a coroa a encontre &#8211; e antes que  seu pr\u00f3prio cora\u00e7\u00e3o a traia.<\/p>\n<p>Bastiaan pode parar o tempo com um estalar de dedos.  Acusado de assassinar o antigo rei e for\u00e7ado a servir o herdeiro, recebe a miss\u00e3o de capturar a Dama dos Desejos. Ele aceita para sobreviver, mas tem seus pr\u00f3prios planos: antes de entreg\u00e1-la, quer um desejo para si. E, para obt\u00ea-lo, precisa  ganhar a confian\u00e7a da \u00fanica garota que n\u00e3o pode chorar.<\/p>\n<p>Ele quer uma l\u00e1grima. Ela quer viver.<\/p>\n","protected":false},"excerpt":{"rendered":"<p>ELA TRANSFORMA L\u00c1GRIMAS EM DESEJOS. A PR\u00d3XIMA A MATAR\u00c1. Myrthe nunca pediu para ser a Dama dos Desejos. Dona do&hellip;<\/p>\n","protected":false},"featured_media":347774,"comment_status":"open","ping_status":"closed","template":"","meta":[],"product_cat":[162,134],"product_tag":[],"_links":{"self":[{"href":"https:\/\/www.livrariarema.com.br\/loja\/wp-json\/wp\/v2\/product\/347775"}],"collection":[{"href":"https:\/\/www.livrariarema.com.br\/loja\/wp-json\/wp\/v2\/product"}],"about":[{"href":"https:\/\/www.livrariarema.com.br\/loja\/wp-json\/wp\/v2\/types\/product"}],"replies":[{"embeddable":true,"href":"https:\/\/www.livrariarema.com.br\/loja\/wp-json\/wp\/v2\/comments?post=347775"}],"wp:featuredmedia":[{"embeddable":true,"href":"https:\/\/www.livrariarema.com.br\/loja\/wp-json\/wp\/v2\/media\/347774"}],"wp:attachment":[{"href":"https:\/\/www.livrariarema.com.br\/loja\/wp-json\/wp\/v2\/media?parent=347775"}],"wp:term":[{"taxonomy":"product_cat","embeddable":true,"href":"https:\/\/www.livrariarema.com.br\/loja\/wp-json\/wp\/v2\/product_cat?post=347775"},{"taxonomy":"product_tag","embeddable":true,"href":"https:\/\/www.livrariarema.com.br\/loja\/wp-json\/wp\/v2\/product_tag?post=347775"}],"curies":[{"name":"wp","href":"https:\/\/api.w.org\/{rel}","templated":true}]}}