{"id":47284,"date":"2021-01-21T13:41:53","date_gmt":"2021-01-21T16:41:53","guid":{"rendered":"https:\/\/www.livrariarema.com.br\/loja\/produtos\/sem%20categoria\/administre-suas-emocoes-joyce-meyer\/"},"modified":"2026-04-01T13:41:40","modified_gmt":"2026-04-01T16:41:40","slug":"administre-suas-emocoes-joyce-meyer","status":"publish","type":"product","link":"https:\/\/www.livrariarema.com.br\/loja\/produtos\/livros\/cura-libertacao\/administre-suas-emocoes-joyce-meyer\/","title":{"rendered":"Administre Suas Emo\u00e7\u00f5es &#8211; Joyce Meyer"},"content":{"rendered":"<p>Deus Lhe Deu Emo\u00e7\u00f5es de Prop\u00f3sito! Nossas emo\u00e7\u00f5es exercem um papel essencial para que vivamos uma vida feliz, saud\u00e1vel e vitoriosa. <br \/>\nTodas as emo\u00e7\u00f5es, desde o amor e a alegria at\u00e9 a raiva e o medo, t\u00eam um papel importante na compreens\u00e3o de n\u00f3s mesmos e dos outros. <br \/>\nElas nos ajudam a descobrir as maravilhas desta vida, assim como nos advertem quando estamos em perigo. <br \/>\nContudo, essa diversidade de sentimentos tem o objetivo de complementar nossa vida, e n\u00e3o de decidi-la! <br \/>\nNeste livro capaz de transformar sua vida, Joyce Meyer revela verdades poderosas da Palavra de Deus que o ajudar\u00e3o a administrar e conduzir todas as suas emo\u00e7\u00f5es na dire\u00e7\u00e3o correta. <br \/>\nPor meio de divertidas hist\u00f3rias e de aplica\u00e7\u00f5es \u00e0 vida real, Joyce revela as chaves para manter suas emo\u00e7\u00f5es no lugar certo enquanto voc\u00ea permite que o Esp\u00edrito Santo o conduza e o guie. <br \/>\nVoc\u00ea encontrar\u00e1 percep\u00e7\u00f5es din\u00e2micas sobre: <br \/>\n&#8211; Como n\u00e3o ser guiado pelos sentimentos<br \/>\n&#8211; A codepend\u00eancia<br \/>\n&#8211; O perd\u00e3o <br \/>\n&#8211; As mudan\u00e7as de humor <br \/>\n&#8211; A cura para as emo\u00e7\u00f5es feridas <br \/>\n&#8211; A depress\u00e3o <br \/>\nE muito mais!<\/p>\n","protected":false},"excerpt":{"rendered":"<p>Deus Lhe Deu Emo\u00e7\u00f5es de Prop\u00f3sito! Nossas emo\u00e7\u00f5es exercem um papel essencial para que vivamos uma vida feliz, saud\u00e1vel e&hellip;<\/p>\n","protected":false},"featured_media":343049,"comment_status":"open","ping_status":"closed","template":"","meta":[],"product_cat":[157,134],"product_tag":[],"_links":{"self":[{"href":"https:\/\/www.livrariarema.com.br\/loja\/wp-json\/wp\/v2\/product\/47284"}],"collection":[{"href":"https:\/\/www.livrariarema.com.br\/loja\/wp-json\/wp\/v2\/product"}],"about":[{"href":"https:\/\/www.livrariarema.com.br\/loja\/wp-json\/wp\/v2\/types\/product"}],"replies":[{"embeddable":true,"href":"https:\/\/www.livrariarema.com.br\/loja\/wp-json\/wp\/v2\/comments?post=47284"}],"wp:featuredmedia":[{"embeddable":true,"href":"https:\/\/www.livrariarema.com.br\/loja\/wp-json\/wp\/v2\/media\/343049"}],"wp:attachment":[{"href":"https:\/\/www.livrariarema.com.br\/loja\/wp-json\/wp\/v2\/media?parent=47284"}],"wp:term":[{"taxonomy":"product_cat","embeddable":true,"href":"https:\/\/www.livrariarema.com.br\/loja\/wp-json\/wp\/v2\/product_cat?post=47284"},{"taxonomy":"product_tag","embeddable":true,"href":"https:\/\/www.livrariarema.com.br\/loja\/wp-json\/wp\/v2\/product_tag?post=47284"}],"curies":[{"name":"wp","href":"https:\/\/api.w.org\/{rel}","templated":true}]}}