{"id":47286,"date":"2021-01-21T13:41:56","date_gmt":"2021-01-21T16:41:56","guid":{"rendered":"https:\/\/www.livrariarema.com.br\/loja\/produtos\/sem%20categoria\/ouvindo-deus-a-cada-manha-joyce-meyer\/"},"modified":"2026-03-27T11:40:55","modified_gmt":"2026-03-27T14:40:55","slug":"ouvindo-deus-a-cada-manha-joyce-meyer","status":"publish","type":"product","link":"https:\/\/www.livrariarema.com.br\/loja\/produtos\/livros\/devocional\/ouvindo-deus-a-cada-manha-joyce-meyer\/","title":{"rendered":"Ouvindo Deus A Cada Manh\u00e3 &#8211; Joyce Meyer"},"content":{"rendered":"<p>No mundo de hoje, estamos cercados pelo barulho. <br \/>\nSomos abafados pelas vozes que nos cercam, quer sejam de nossos filhos, amigos ou c\u00f4njuges, ou a nossa pr\u00f3pria voz. Distra\u00eddos com os sons de outras pessoas, logo nos esquecemos de como ouvir a voz mais importante de todas a voz de Deus. <br \/>\nNeste devocional, Joyce Meyer conduz os leitores a um relacionamento mais \u00edntimo com Deus ao nos mostrar como cultivar qualidades e comportamentos que nos ajudem a reconhecer a Sua voz.<br \/>\nEsta cole\u00e7\u00e3o de mensagens inclui medita\u00e7\u00f5es poderosas que o inspirar\u00e3o e o ajudar\u00e3o a: <br \/>\n&#8221; Separar tempo para Deus <br \/>\n&#8221; Discernir as respostas de Deus \u00e0 ora\u00e7\u00e3o <br \/>\n&#8221; Manter relacionamentos com os outros enquanto voc\u00ea desenvolve sua intimidade com Deus <br \/>\nEste livro oferece lembretes curtos e poderosos de como podemos estar ligados ao plano de Deus e perseverar atrav\u00e9s dos obst\u00e1culos comuns, que v\u00e3o desde lutar contra a tenta\u00e7\u00e3o no shopping at\u00e9 superar rancores profundamente enraizados. <br \/>\nCom leituras di\u00e1rias para refor\u00e7ar o poder da paz, da paci\u00eancia, da obedi\u00eancia e do amor, Joyce Meyer traz estrat\u00e9gias para nos abrirmos \u00e0 sabedoria de Deus, abrindo em primeiro lugar os nossos ouvidos. <br \/>\nQuer esteja se preparando para um novo dia ou refletindo sobre o dia que passou, voc\u00ea tamb\u00e9m poder\u00e1 ouvir a voz de Deus!<\/p>\n","protected":false},"excerpt":{"rendered":"<p>No mundo de hoje, estamos cercados pelo barulho. Somos abafados pelas vozes que nos cercam, quer sejam de nossos filhos,&hellip;<\/p>\n","protected":false},"featured_media":342818,"comment_status":"open","ping_status":"closed","template":"","meta":[],"product_cat":[158,134],"product_tag":[],"_links":{"self":[{"href":"https:\/\/www.livrariarema.com.br\/loja\/wp-json\/wp\/v2\/product\/47286"}],"collection":[{"href":"https:\/\/www.livrariarema.com.br\/loja\/wp-json\/wp\/v2\/product"}],"about":[{"href":"https:\/\/www.livrariarema.com.br\/loja\/wp-json\/wp\/v2\/types\/product"}],"replies":[{"embeddable":true,"href":"https:\/\/www.livrariarema.com.br\/loja\/wp-json\/wp\/v2\/comments?post=47286"}],"wp:featuredmedia":[{"embeddable":true,"href":"https:\/\/www.livrariarema.com.br\/loja\/wp-json\/wp\/v2\/media\/342818"}],"wp:attachment":[{"href":"https:\/\/www.livrariarema.com.br\/loja\/wp-json\/wp\/v2\/media?parent=47286"}],"wp:term":[{"taxonomy":"product_cat","embeddable":true,"href":"https:\/\/www.livrariarema.com.br\/loja\/wp-json\/wp\/v2\/product_cat?post=47286"},{"taxonomy":"product_tag","embeddable":true,"href":"https:\/\/www.livrariarema.com.br\/loja\/wp-json\/wp\/v2\/product_tag?post=47286"}],"curies":[{"name":"wp","href":"https:\/\/api.w.org\/{rel}","templated":true}]}}