{"id":47288,"date":"2021-01-21T13:42:01","date_gmt":"2021-01-21T16:42:01","guid":{"rendered":"https:\/\/www.livrariarema.com.br\/loja\/produtos\/sem%20categoria\/mais-que-um-carpinteiro-josh-mcdowell-e-sean-mcdowell\/"},"modified":"2026-05-06T09:40:24","modified_gmt":"2026-05-06T12:40:24","slug":"mais-que-um-carpinteiro-josh-mcdowell-e-sean-mcdowell","status":"publish","type":"product","link":"https:\/\/www.livrariarema.com.br\/loja\/produtos\/livros\/vida-crista\/mais-que-um-carpinteiro-josh-mcdowell-e-sean-mcdowell\/","title":{"rendered":"Mais Que Um Carpinteiro &#8211; Josh Mcdowell E Sean Mcdowell"},"content":{"rendered":"<p>Ap\u00f3s pouco mais de dois mil\u00eanios, olhar para a figura hist\u00f3rica de Jesus Cristo e os evangelhos exige, antes de tudo, um exerc\u00edcio de f\u00e9. Afinal, o homem que nasceu em Bel\u00e9m da Judeia, andou nas empoeiradas ruas de Nazar\u00e9 e morreu como um criminoso, numa cruz em Jerusal\u00e9m, ao lado de ladr\u00f5es, n\u00e3o seria apenas o filho de Jos\u00e9, o carpinteiro? A desconfian\u00e7a de que Deus, Todo-poderoso, n\u00e3o poderia ser apenas um aprendiz de marceneiro, com m\u00e3os calejadas e feridas pela labuta, ainda latejam mentes e cora\u00e7\u00f5es deste s\u00e9culo 21. Outrora agn\u00f3stico, o autor Josh McDowell desconfiou. Sua primeira experi\u00eancia como apologista foi ap\u00f3s uma tensa reuni\u00e3o em sua faculdade. Queria provar que os argumentos hist\u00f3ricos da ressurrei\u00e7\u00e3o eram fr\u00e1geis. E, ap\u00f3s meses de empreitada, pesquisando em bibliotecas dos Estados Unidos e Europa, levou um susto. Os documentos que faziam parte do Antigo e do Novo Testamento b\u00edblico eram os mais confi\u00e1veis da Hist\u00f3ria antiga. Mais que um carpinteiro atingiu recordes importantes na hist\u00f3ria dos livros crist\u00e3os, como: ser o primeiro livro crist\u00e3o traduzido em mais de 100 idiomas, e atingir a marca de mais de 15 milh\u00f5es de exemplares vendidos no mundo, na edi\u00e7\u00e3o da d\u00e9cada de 1970. Nesta nova edi\u00e7\u00e3o, ampliada e atualizada, Mais que um carpinteiro, obra originalmente lan\u00e7ada em 1976, Josh e seu filho, o apologista Sean McDowell, trazem para o s\u00e9culo 21 os dilemas e respostas da historicidade crist\u00e3. Num cen\u00e1rio onde o ate\u00edsmo e outras doutrinas tentam transformar em mito a verdade dos evangelhos, a nova vers\u00e3o da obra \u00e9 um agudo testemunho da veracidade hist\u00f3rica de Cristo e sua ressurrei\u00e7\u00e3o. Em 13 cap\u00edtulos, o leitor passa dos argumentos cient\u00edficos aos teol\u00f3gicos com in\u00fameras refer\u00eancias b\u00edblicas e uma profunda argumenta\u00e7\u00e3o baseada em amplo conhecimento exeg\u00e9tico &#8211; do porqu\u00ea das declara\u00e7\u00f5es de Jesus, e como elas evidenciam a sua divindade, e o sentido de seu sacrif\u00edcio e ressurrei\u00e7\u00e3o. Para os rec\u00e9m-convertidos, \u00e9 um nutrido material que responde a v\u00e1rios questionamentos simples do primeiro amor, lan\u00e7ando alicerces firmes na f\u00e9, que desafiam a pr\u00e1xis da evangeliza\u00e7\u00e3o.<\/p>\n","protected":false},"excerpt":{"rendered":"<p>Ap\u00f3s pouco mais de dois mil\u00eanios, olhar para a figura hist\u00f3rica de Jesus Cristo e os evangelhos exige, antes de&hellip;<\/p>\n","protected":false},"featured_media":346089,"comment_status":"open","ping_status":"closed","template":"","meta":[],"product_cat":[134,137],"product_tag":[],"_links":{"self":[{"href":"https:\/\/www.livrariarema.com.br\/loja\/wp-json\/wp\/v2\/product\/47288"}],"collection":[{"href":"https:\/\/www.livrariarema.com.br\/loja\/wp-json\/wp\/v2\/product"}],"about":[{"href":"https:\/\/www.livrariarema.com.br\/loja\/wp-json\/wp\/v2\/types\/product"}],"replies":[{"embeddable":true,"href":"https:\/\/www.livrariarema.com.br\/loja\/wp-json\/wp\/v2\/comments?post=47288"}],"wp:featuredmedia":[{"embeddable":true,"href":"https:\/\/www.livrariarema.com.br\/loja\/wp-json\/wp\/v2\/media\/346089"}],"wp:attachment":[{"href":"https:\/\/www.livrariarema.com.br\/loja\/wp-json\/wp\/v2\/media?parent=47288"}],"wp:term":[{"taxonomy":"product_cat","embeddable":true,"href":"https:\/\/www.livrariarema.com.br\/loja\/wp-json\/wp\/v2\/product_cat?post=47288"},{"taxonomy":"product_tag","embeddable":true,"href":"https:\/\/www.livrariarema.com.br\/loja\/wp-json\/wp\/v2\/product_tag?post=47288"}],"curies":[{"name":"wp","href":"https:\/\/api.w.org\/{rel}","templated":true}]}}