{"id":47294,"date":"2021-01-21T13:42:12","date_gmt":"2021-01-21T16:42:12","guid":{"rendered":"https:\/\/www.livrariarema.com.br\/loja\/produtos\/sem%20categoria\/educando-meninas-james-dobson\/"},"modified":"2025-11-17T14:20:45","modified_gmt":"2025-11-17T17:20:45","slug":"educando-meninas-james-dobson","status":"publish","type":"product","link":"https:\/\/www.livrariarema.com.br\/loja\/produtos\/livros\/familia\/educando-meninas-james-dobson\/","title":{"rendered":"Educando Meninas &#8211; James Dobson"},"content":{"rendered":"<p>Quando nasce uma menina, os pais olham para ela e come\u00e7am a imaginar como ser\u00e1 sua vida no futuro. Se ela ir\u00e1 se casar e com quem, se ter\u00e1 filhos, qual profiss\u00e3o ter\u00e1. Quais s\u00e3o os sonhos que voc\u00ea tem para a sua garotinha?<\/p>\n<p>Est\u00e1 cada vez mais dif\u00edcil educar os filhos, com toda a carga que eles recebem da TV, internet, influ\u00eancia dos amigos e press\u00f5es da sociedade, especialmente as meninas, com seus horm\u00f4nios e sentimentos sempre \u00e0 flor da pele. Por isso, pais e m\u00e3es de meninas precisam conhecer em detalhes quais s\u00e3o as amea\u00e7as \u00e0 conquista dos sonhos de sua garota.<\/p>\n<p>O Dr. James Dobson compartilha neste livro seu conhecimento sobre as garotas do ponto de vista de conselheiro familiar e de pai, abordando importantes tem\u00e1ticas no \u00e2mbito psicol\u00f3gico, biol\u00f3gico e afetivo das meninas, desde a inf\u00e2ncia at\u00e9 a idade adulta.<\/p>\n<p>Quest\u00f5es como sexualidade, relacionamentos amorosos, amizades, desenvolvimento emocional e cuidado excessivo com a beleza s\u00e3o tratadas de forma clara e pr\u00e1tica, preparando voc\u00ea para vencer o desafio de transformar sua filha em uma mulher forte, saud\u00e1vel e confiante.<\/p>\n","protected":false},"excerpt":{"rendered":"<p>Quando nasce uma menina, os pais olham para ela e come\u00e7am a imaginar como ser\u00e1 sua vida no futuro. Se&hellip;<\/p>\n","protected":false},"featured_media":339555,"comment_status":"open","ping_status":"closed","template":"","meta":[],"product_cat":[178,134],"product_tag":[],"_links":{"self":[{"href":"https:\/\/www.livrariarema.com.br\/loja\/wp-json\/wp\/v2\/product\/47294"}],"collection":[{"href":"https:\/\/www.livrariarema.com.br\/loja\/wp-json\/wp\/v2\/product"}],"about":[{"href":"https:\/\/www.livrariarema.com.br\/loja\/wp-json\/wp\/v2\/types\/product"}],"replies":[{"embeddable":true,"href":"https:\/\/www.livrariarema.com.br\/loja\/wp-json\/wp\/v2\/comments?post=47294"}],"wp:featuredmedia":[{"embeddable":true,"href":"https:\/\/www.livrariarema.com.br\/loja\/wp-json\/wp\/v2\/media\/339555"}],"wp:attachment":[{"href":"https:\/\/www.livrariarema.com.br\/loja\/wp-json\/wp\/v2\/media?parent=47294"}],"wp:term":[{"taxonomy":"product_cat","embeddable":true,"href":"https:\/\/www.livrariarema.com.br\/loja\/wp-json\/wp\/v2\/product_cat?post=47294"},{"taxonomy":"product_tag","embeddable":true,"href":"https:\/\/www.livrariarema.com.br\/loja\/wp-json\/wp\/v2\/product_tag?post=47294"}],"curies":[{"name":"wp","href":"https:\/\/api.w.org\/{rel}","templated":true}]}}