{"id":47298,"date":"2021-01-21T13:42:19","date_gmt":"2021-01-21T16:42:19","guid":{"rendered":"https:\/\/www.livrariarema.com.br\/loja\/produtos\/sem%20categoria\/multiplique-discipulos-que-fazem-discipulos-francis-chan\/"},"modified":"2026-04-22T16:50:33","modified_gmt":"2026-04-22T19:50:33","slug":"multiplique-discipulos-que-fazem-discipulos-francis-chan","status":"publish","type":"product","link":"https:\/\/www.livrariarema.com.br\/loja\/produtos\/livros\/discipulado\/multiplique-discipulos-que-fazem-discipulos-francis-chan\/","title":{"rendered":"Multiplique &#8211; Disc\u00edpulos Que Fazem Disc\u00edpulos &#8211; Francis Chan"},"content":{"rendered":"<p>Uma ferramenta moderna e eficaz para potencializar o crescimento saud\u00e1vel do corpo de Cristo!<\/p>\n<p>Multiplique foi elaborado para pessoas que desejam impulsionar um programa s\u00e9rio e eficaz de discipulado. O segredo para o crescimento org\u00e2nico e saud\u00e1vel do corpo de Cristo est\u00e1 em disc\u00edpulos fazerem disc\u00edpulos.<\/p>\n<p>Links interativos ao longo do livro trazem explica\u00e7\u00f5es do pr\u00f3prio autor sobre o programa de discipulado que ele prop\u00f5e.<\/p>\n","protected":false},"excerpt":{"rendered":"<p>Uma ferramenta moderna e eficaz para potencializar o crescimento saud\u00e1vel do corpo de Cristo! Multiplique foi elaborado para pessoas que&hellip;<\/p>\n","protected":false},"featured_media":328125,"comment_status":"open","ping_status":"closed","template":"","meta":[],"product_cat":[168,134],"product_tag":[],"_links":{"self":[{"href":"https:\/\/www.livrariarema.com.br\/loja\/wp-json\/wp\/v2\/product\/47298"}],"collection":[{"href":"https:\/\/www.livrariarema.com.br\/loja\/wp-json\/wp\/v2\/product"}],"about":[{"href":"https:\/\/www.livrariarema.com.br\/loja\/wp-json\/wp\/v2\/types\/product"}],"replies":[{"embeddable":true,"href":"https:\/\/www.livrariarema.com.br\/loja\/wp-json\/wp\/v2\/comments?post=47298"}],"wp:featuredmedia":[{"embeddable":true,"href":"https:\/\/www.livrariarema.com.br\/loja\/wp-json\/wp\/v2\/media\/328125"}],"wp:attachment":[{"href":"https:\/\/www.livrariarema.com.br\/loja\/wp-json\/wp\/v2\/media?parent=47298"}],"wp:term":[{"taxonomy":"product_cat","embeddable":true,"href":"https:\/\/www.livrariarema.com.br\/loja\/wp-json\/wp\/v2\/product_cat?post=47298"},{"taxonomy":"product_tag","embeddable":true,"href":"https:\/\/www.livrariarema.com.br\/loja\/wp-json\/wp\/v2\/product_tag?post=47298"}],"curies":[{"name":"wp","href":"https:\/\/api.w.org\/{rel}","templated":true}]}}