{"id":47348,"date":"2021-01-21T13:43:48","date_gmt":"2021-01-21T16:43:48","guid":{"rendered":"https:\/\/www.livrariarema.com.br\/loja\/produtos\/sem%20categoria\/diario-mais-legal-do-mundo-um-livro-interativo-para-quem-tem-fe\/"},"modified":"2026-02-26T14:10:12","modified_gmt":"2026-02-26T17:10:12","slug":"diario-mais-legal-do-mundo-um-livro-interativo-para-quem-tem-fe","status":"publish","type":"product","link":"https:\/\/www.livrariarema.com.br\/loja\/produtos\/livros\/devocional\/diario-mais-legal-do-mundo-um-livro-interativo-para-quem-tem-fe\/","title":{"rendered":"Di\u00e1rio Mais Legal Do Mundo &#8211; Um Livro Interativo Para Quem Tem F\u00e9"},"content":{"rendered":"<p>O di\u00e1rio mais legal do mundo \u00e9 um livro interativo, e voc\u00ea s\u00f3 vai precisar de papel, tinta, bom humor e um pouquinho de intelig\u00eancia (que \u00e9 claro que voc\u00ea tem de sobra!) para colocar para fora tudo que se passa dentro de voc\u00ea. N\u00e3o se surpreenda se, al\u00e9m de se conhecer melhor, o resultado disso for algo com que voc\u00ea tamb\u00e9m sempre sonhou: uma vida mais pr\u00f3xima de Deus e um relacionamento mais \u00edntimo com ele.<\/p>\n","protected":false},"excerpt":{"rendered":"<p>O di\u00e1rio mais legal do mundo \u00e9 um livro interativo, e voc\u00ea s\u00f3 vai precisar de papel, tinta, bom humor&hellip;<\/p>\n","protected":false},"featured_media":345536,"comment_status":"open","ping_status":"closed","template":"","meta":[],"product_cat":[158,134],"product_tag":[],"_links":{"self":[{"href":"https:\/\/www.livrariarema.com.br\/loja\/wp-json\/wp\/v2\/product\/47348"}],"collection":[{"href":"https:\/\/www.livrariarema.com.br\/loja\/wp-json\/wp\/v2\/product"}],"about":[{"href":"https:\/\/www.livrariarema.com.br\/loja\/wp-json\/wp\/v2\/types\/product"}],"replies":[{"embeddable":true,"href":"https:\/\/www.livrariarema.com.br\/loja\/wp-json\/wp\/v2\/comments?post=47348"}],"wp:featuredmedia":[{"embeddable":true,"href":"https:\/\/www.livrariarema.com.br\/loja\/wp-json\/wp\/v2\/media\/345536"}],"wp:attachment":[{"href":"https:\/\/www.livrariarema.com.br\/loja\/wp-json\/wp\/v2\/media?parent=47348"}],"wp:term":[{"taxonomy":"product_cat","embeddable":true,"href":"https:\/\/www.livrariarema.com.br\/loja\/wp-json\/wp\/v2\/product_cat?post=47348"},{"taxonomy":"product_tag","embeddable":true,"href":"https:\/\/www.livrariarema.com.br\/loja\/wp-json\/wp\/v2\/product_tag?post=47348"}],"curies":[{"name":"wp","href":"https:\/\/api.w.org\/{rel}","templated":true}]}}