{"id":47433,"date":"2021-01-21T13:47:19","date_gmt":"2021-01-21T16:47:19","guid":{"rendered":"https:\/\/www.livrariarema.com.br\/loja\/produtos\/sem%20categoria\/jogo-de-cartas-lazer-evangelico-quem-sou-eu-quick\/"},"modified":"2026-04-25T11:00:38","modified_gmt":"2026-04-25T14:00:38","slug":"jogo-de-cartas-lazer-evangelico-quem-sou-eu-quick","status":"publish","type":"product","link":"https:\/\/www.livrariarema.com.br\/loja\/produtos\/brinquedos\/jogos-de-cartas\/jogo-de-cartas-lazer-evangelico-quem-sou-eu-quick\/","title":{"rendered":"Jogo De Cartas &#8211; Lazer Evang\u00e9lico &#8211; Quem Sou Eu? + Quick"},"content":{"rendered":"<p>Lazer evang\u00e9lico para toda a Fam\u00edlia<\/p>\n","protected":false},"excerpt":{"rendered":"<p>Lazer evang\u00e9lico para toda a Fam\u00edlia<\/p>\n","protected":false},"featured_media":342379,"comment_status":"open","ping_status":"closed","template":"","meta":[],"product_cat":[315,317],"product_tag":[],"_links":{"self":[{"href":"https:\/\/www.livrariarema.com.br\/loja\/wp-json\/wp\/v2\/product\/47433"}],"collection":[{"href":"https:\/\/www.livrariarema.com.br\/loja\/wp-json\/wp\/v2\/product"}],"about":[{"href":"https:\/\/www.livrariarema.com.br\/loja\/wp-json\/wp\/v2\/types\/product"}],"replies":[{"embeddable":true,"href":"https:\/\/www.livrariarema.com.br\/loja\/wp-json\/wp\/v2\/comments?post=47433"}],"wp:featuredmedia":[{"embeddable":true,"href":"https:\/\/www.livrariarema.com.br\/loja\/wp-json\/wp\/v2\/media\/342379"}],"wp:attachment":[{"href":"https:\/\/www.livrariarema.com.br\/loja\/wp-json\/wp\/v2\/media?parent=47433"}],"wp:term":[{"taxonomy":"product_cat","embeddable":true,"href":"https:\/\/www.livrariarema.com.br\/loja\/wp-json\/wp\/v2\/product_cat?post=47433"},{"taxonomy":"product_tag","embeddable":true,"href":"https:\/\/www.livrariarema.com.br\/loja\/wp-json\/wp\/v2\/product_tag?post=47433"}],"curies":[{"name":"wp","href":"https:\/\/api.w.org\/{rel}","templated":true}]}}