{"id":47448,"date":"2021-01-21T13:47:46","date_gmt":"2021-01-21T16:47:46","guid":{"rendered":"https:\/\/www.livrariarema.com.br\/loja\/produtos\/sem%20categoria\/biblia-em-acao\/"},"modified":"2026-04-07T14:00:34","modified_gmt":"2026-04-07T17:00:34","slug":"biblia-em-acao","status":"publish","type":"product","link":"https:\/\/www.livrariarema.com.br\/loja\/produtos\/livros\/manga-hq\/biblia-em-acao\/","title":{"rendered":"B\u00edblia Em A\u00e7\u00e3o &#8211; Edi\u00e7\u00e3o Ampliada"},"content":{"rendered":"<p>A B\u00edblia em A\u00e7\u00e3o traz mais de 200 narrativas em ritmo acelerado e em ordem cronol\u00f3gica, facilitando o acompanhamento da historia b\u00edblica  e refor\u00e7ando o suspense at\u00e9 seu eletrizante cl\u00edmax.<\/p>\n<p>As hist\u00f3rias na B\u00edblia em A\u00e7\u00e3o levam a verdade b\u00edblica aos leitores contempor\u00e2neos de maneira clara e forte. Um texto bem escrito e imagens fortes chamam a aten\u00e7\u00e3o de leitores de todas as idades.<\/p>\n<p>Sergio Cariello, artista internacionalmente reconhecido, criou ilustra\u00e7\u00f5es sensacionais, que prendem a aten\u00e7\u00e3o do leitor. Marcadas por suas nuances e luzes dram\u00e1ticas, os desenhos, ousados e vigorosos, trazem a narrativa, intenso realismo e emo\u00e7\u00e3o.<\/p>\n<p>Deixe que est\u00e1 tradu\u00e7\u00e3o \u00e9pica da Palavra de Deus o leve a experimentar toda emo\u00e7\u00e3o da hist\u00f3ria mais incr\u00edvel que j\u00e1 foi escrita.<\/p>\n","protected":false},"excerpt":{"rendered":"<p>A B\u00edblia em A\u00e7\u00e3o traz mais de 200 narrativas em ritmo acelerado e em ordem cronol\u00f3gica, facilitando o acompanhamento da&hellip;<\/p>\n","protected":false},"featured_media":345158,"comment_status":"open","ping_status":"closed","template":"","meta":[],"product_cat":[134,189],"product_tag":[],"_links":{"self":[{"href":"https:\/\/www.livrariarema.com.br\/loja\/wp-json\/wp\/v2\/product\/47448"}],"collection":[{"href":"https:\/\/www.livrariarema.com.br\/loja\/wp-json\/wp\/v2\/product"}],"about":[{"href":"https:\/\/www.livrariarema.com.br\/loja\/wp-json\/wp\/v2\/types\/product"}],"replies":[{"embeddable":true,"href":"https:\/\/www.livrariarema.com.br\/loja\/wp-json\/wp\/v2\/comments?post=47448"}],"wp:featuredmedia":[{"embeddable":true,"href":"https:\/\/www.livrariarema.com.br\/loja\/wp-json\/wp\/v2\/media\/345158"}],"wp:attachment":[{"href":"https:\/\/www.livrariarema.com.br\/loja\/wp-json\/wp\/v2\/media?parent=47448"}],"wp:term":[{"taxonomy":"product_cat","embeddable":true,"href":"https:\/\/www.livrariarema.com.br\/loja\/wp-json\/wp\/v2\/product_cat?post=47448"},{"taxonomy":"product_tag","embeddable":true,"href":"https:\/\/www.livrariarema.com.br\/loja\/wp-json\/wp\/v2\/product_tag?post=47448"}],"curies":[{"name":"wp","href":"https:\/\/api.w.org\/{rel}","templated":true}]}}