{"id":47521,"date":"2021-01-21T13:49:42","date_gmt":"2021-01-21T16:49:42","guid":{"rendered":"https:\/\/www.livrariarema.com.br\/loja\/produtos\/sem%20categoria\/mentiras-em-que-as-mulheres-acreditam-e-a-verdade-que-as-liberta-nancy-leich-demoss\/"},"modified":"2026-02-20T13:23:21","modified_gmt":"2026-02-20T16:23:21","slug":"mentiras-em-que-as-mulheres-acreditam-e-a-verdade-que-as-liberta-nancy-leich-demoss","status":"publish","type":"product","link":"https:\/\/www.livrariarema.com.br\/loja\/produtos\/livros\/mulher\/mentiras-em-que-as-mulheres-acreditam-e-a-verdade-que-as-liberta-nancy-leich-demoss\/","title":{"rendered":"Mentiras Em Que As Mulheres Acreditam E A Verdade Que As Liberta &#8211; Nancy Leich Demoss"},"content":{"rendered":"<p>No fundo somos todas como Eva. Cedemos \u00e0 tenta\u00e7\u00e3o e nos deixamos enganar em diversas \u00e1reas por coisas que jamais nos levar\u00e3o \u00e0 verdadeira felicidade. <\/p>\n<p>Em Mentiras em que as mulheres acreditam e a verdade que as liberta, Nancy Leigh DeMoss exp\u00f5e essas \u00e1reas de engano que mais desafiam as mulheres crist\u00e3s e mostra Satan\u00e1s como a fonte dessas mentiras e direciona as mulheres de volta \u00e0 verdade encontrada somente na Palavra de Deus. N\u00e3o importa qual problema a mulher de hoje enfrente &#8211; culpa, v\u00edcios, um casamento infeliz, a tend\u00eancia de colocar a carreira acima da maternidade, filhos com problemas e outros incont\u00e1veis desafios -, Nancy nos lembra de que existe uma resposta, e ela se encontra em Deus.<\/p>\n","protected":false},"excerpt":{"rendered":"<p>No fundo somos todas como Eva. Cedemos \u00e0 tenta\u00e7\u00e3o e nos deixamos enganar em diversas \u00e1reas por coisas que jamais&hellip;<\/p>\n","protected":false},"featured_media":345035,"comment_status":"open","ping_status":"closed","template":"","meta":[],"product_cat":[134,170],"product_tag":[],"_links":{"self":[{"href":"https:\/\/www.livrariarema.com.br\/loja\/wp-json\/wp\/v2\/product\/47521"}],"collection":[{"href":"https:\/\/www.livrariarema.com.br\/loja\/wp-json\/wp\/v2\/product"}],"about":[{"href":"https:\/\/www.livrariarema.com.br\/loja\/wp-json\/wp\/v2\/types\/product"}],"replies":[{"embeddable":true,"href":"https:\/\/www.livrariarema.com.br\/loja\/wp-json\/wp\/v2\/comments?post=47521"}],"wp:featuredmedia":[{"embeddable":true,"href":"https:\/\/www.livrariarema.com.br\/loja\/wp-json\/wp\/v2\/media\/345035"}],"wp:attachment":[{"href":"https:\/\/www.livrariarema.com.br\/loja\/wp-json\/wp\/v2\/media?parent=47521"}],"wp:term":[{"taxonomy":"product_cat","embeddable":true,"href":"https:\/\/www.livrariarema.com.br\/loja\/wp-json\/wp\/v2\/product_cat?post=47521"},{"taxonomy":"product_tag","embeddable":true,"href":"https:\/\/www.livrariarema.com.br\/loja\/wp-json\/wp\/v2\/product_tag?post=47521"}],"curies":[{"name":"wp","href":"https:\/\/api.w.org\/{rel}","templated":true}]}}