{"id":47525,"date":"2021-01-21T13:49:50","date_gmt":"2021-01-21T16:49:50","guid":{"rendered":"https:\/\/www.livrariarema.com.br\/loja\/produtos\/sem categoria\/aprendendo-com-a-biblia-a-criacao\/"},"modified":"2025-01-21T13:00:08","modified_gmt":"2025-01-21T16:00:08","slug":"aprendendo-com-a-biblia-a-criacao","status":"publish","type":"product","link":"https:\/\/www.livrariarema.com.br\/loja\/produtos\/livros\/infantil\/aprendendo-com-a-biblia-a-criacao\/","title":{"rendered":"APRENDENDO COM A B\u00cdBLIA &#8211; A CRIA\u00c7\u00c3O"},"content":{"rendered":"<p>Esta \u00e9 uma incr\u00edvel cole\u00e7\u00e3o na qual voc\u00ea vai encontrar as mais belas passagens b\u00edblicas, contadas em uma linguagem simples e acess\u00edvel \u00e0s crian\u00e7as.<\/p>\n","protected":false},"excerpt":{"rendered":"<p>Esta \u00e9 uma incr\u00edvel cole\u00e7\u00e3o na qual voc\u00ea vai encontrar as mais belas passagens b\u00edblicas, contadas em uma linguagem simples&hellip;<\/p>\n","protected":false},"featured_media":124907,"comment_status":"open","ping_status":"closed","template":"","meta":[],"product_cat":[144,134],"product_tag":[],"_links":{"self":[{"href":"https:\/\/www.livrariarema.com.br\/loja\/wp-json\/wp\/v2\/product\/47525"}],"collection":[{"href":"https:\/\/www.livrariarema.com.br\/loja\/wp-json\/wp\/v2\/product"}],"about":[{"href":"https:\/\/www.livrariarema.com.br\/loja\/wp-json\/wp\/v2\/types\/product"}],"replies":[{"embeddable":true,"href":"https:\/\/www.livrariarema.com.br\/loja\/wp-json\/wp\/v2\/comments?post=47525"}],"wp:featuredmedia":[{"embeddable":true,"href":"https:\/\/www.livrariarema.com.br\/loja\/wp-json\/wp\/v2\/media\/124907"}],"wp:attachment":[{"href":"https:\/\/www.livrariarema.com.br\/loja\/wp-json\/wp\/v2\/media?parent=47525"}],"wp:term":[{"taxonomy":"product_cat","embeddable":true,"href":"https:\/\/www.livrariarema.com.br\/loja\/wp-json\/wp\/v2\/product_cat?post=47525"},{"taxonomy":"product_tag","embeddable":true,"href":"https:\/\/www.livrariarema.com.br\/loja\/wp-json\/wp\/v2\/product_tag?post=47525"}],"curies":[{"name":"wp","href":"https:\/\/api.w.org\/{rel}","templated":true}]}}