{"id":47600,"date":"2021-01-21T13:52:04","date_gmt":"2021-01-21T16:52:04","guid":{"rendered":"https:\/\/www.livrariarema.com.br\/loja\/produtos\/sem%20categoria\/comentarios-expositivos-2-timoteo-hernandes-dias-lopes\/"},"modified":"2026-03-13T16:56:15","modified_gmt":"2026-03-13T19:56:15","slug":"comentarios-expositivos-2-timoteo-hernandes-dias-lopes","status":"publish","type":"product","link":"https:\/\/www.livrariarema.com.br\/loja\/produtos\/livros\/comentario-biblico\/comentarios-expositivos-2-timoteo-hernandes-dias-lopes\/","title":{"rendered":"Coment\u00e1rios Expositivos &#8211; 2 Tim\u00f3teo &#8211; Hernandes Dias Lopes"},"content":{"rendered":"<p>A Segunda Carta a Tim\u00f3teo \u00e9 a \u00faltima ep\u00edstola escrita pelo ap\u00f3stolo Paulo. \u00c9 o registro de sua \u00faltima vontade, o seu testamento \u00e0 igreja. Como as \u00faltimas palavras que algu\u00e9m profere s\u00e3o, via de regra, as coisas mais urgentes e importantes que pronuncia, o conte\u00fado desta carta est\u00e1 regado de emo\u00e7\u00e3o e tamb\u00e9m vazado por um forte senso de urg\u00eancia. \u00c9 um apelo para Tim\u00f3teo manter-se fi rme diante da persegui\u00e7\u00e3o, preservando intacto o evangelho \u00e0 vista da amea\u00e7a dos falsos mestres e proclamando a salva\u00e7\u00e3o com prioridade absoluta, a despeito das nuvens escuras da persegui\u00e7\u00e3o. <\/p>\n<p>Essa mensagem precisa ser proclamada a tempo e fora de tempo. O evangelho precisa sair das quatro paredes. Cada crente deve ser um mission\u00e1rio.<\/p>\n","protected":false},"excerpt":{"rendered":"<p>A Segunda Carta a Tim\u00f3teo \u00e9 a \u00faltima ep\u00edstola escrita pelo ap\u00f3stolo Paulo. \u00c9 o registro de sua \u00faltima vontade,&hellip;<\/p>\n","protected":false},"featured_media":346118,"comment_status":"open","ping_status":"closed","template":"","meta":[],"product_cat":[164,134],"product_tag":[],"_links":{"self":[{"href":"https:\/\/www.livrariarema.com.br\/loja\/wp-json\/wp\/v2\/product\/47600"}],"collection":[{"href":"https:\/\/www.livrariarema.com.br\/loja\/wp-json\/wp\/v2\/product"}],"about":[{"href":"https:\/\/www.livrariarema.com.br\/loja\/wp-json\/wp\/v2\/types\/product"}],"replies":[{"embeddable":true,"href":"https:\/\/www.livrariarema.com.br\/loja\/wp-json\/wp\/v2\/comments?post=47600"}],"wp:featuredmedia":[{"embeddable":true,"href":"https:\/\/www.livrariarema.com.br\/loja\/wp-json\/wp\/v2\/media\/346118"}],"wp:attachment":[{"href":"https:\/\/www.livrariarema.com.br\/loja\/wp-json\/wp\/v2\/media?parent=47600"}],"wp:term":[{"taxonomy":"product_cat","embeddable":true,"href":"https:\/\/www.livrariarema.com.br\/loja\/wp-json\/wp\/v2\/product_cat?post=47600"},{"taxonomy":"product_tag","embeddable":true,"href":"https:\/\/www.livrariarema.com.br\/loja\/wp-json\/wp\/v2\/product_tag?post=47600"}],"curies":[{"name":"wp","href":"https:\/\/api.w.org\/{rel}","templated":true}]}}