{"id":47628,"date":"2021-01-21T13:52:56","date_gmt":"2021-01-21T16:52:56","guid":{"rendered":"https:\/\/www.livrariarema.com.br\/loja\/produtos\/sem%20categoria\/cacadores-de-deus-os-tommy-tenney\/"},"modified":"2026-04-23T18:10:55","modified_gmt":"2026-04-23T21:10:55","slug":"cacadores-de-deus-os-tommy-tenney","status":"publish","type":"product","link":"https:\/\/www.livrariarema.com.br\/loja\/produtos\/livros\/ministerio\/cacadores-de-deus-os-tommy-tenney\/","title":{"rendered":"Ca\u00e7adores De Deus, Os &#8211; Tommy Tenney"},"content":{"rendered":"<p>OS CA\u00c7ADORES DE DEUS &#8211; O que \u00e9 um ca\u00e7ador de Deus? <br \/>\nCa\u00e7ador de Deus \u00e9 o indiv\u00edduo cuja fome excede sua capacidade de saci\u00e1-la. <br \/>\n\u00c9 aquele que busca o Senhor incansavelmente, que \u00e9 impulsionado pela paix\u00e3o de ter uma intimidade cada vez maior com Ele. <br \/>\nEssas trilhas apaixonadas dos `Ca\u00e7adores de Deus` podem ser tra\u00e7adas desde Mois\u00e9s, Davi, J\u00f3, Paulo e tamb\u00e9m por voc\u00ea. Jesus \u00e9 alvo e desejo insaci\u00e1veis; sua presen\u00e7a, seu poder, seu amor, sua gra\u00e7a; est\u00e1 acima de todos os outros desejos. Inclua seu nome nessa lista. Torne-se tamb\u00e9m um `Ca\u00e7ador de Deus`.<\/p>\n","protected":false},"excerpt":{"rendered":"<p>OS CA\u00c7ADORES DE DEUS &#8211; O que \u00e9 um ca\u00e7ador de Deus? Ca\u00e7ador de Deus \u00e9 o indiv\u00edduo cuja fome&hellip;<\/p>\n","protected":false},"featured_media":342819,"comment_status":"open","ping_status":"closed","template":"","meta":[],"product_cat":[134,148],"product_tag":[],"_links":{"self":[{"href":"https:\/\/www.livrariarema.com.br\/loja\/wp-json\/wp\/v2\/product\/47628"}],"collection":[{"href":"https:\/\/www.livrariarema.com.br\/loja\/wp-json\/wp\/v2\/product"}],"about":[{"href":"https:\/\/www.livrariarema.com.br\/loja\/wp-json\/wp\/v2\/types\/product"}],"replies":[{"embeddable":true,"href":"https:\/\/www.livrariarema.com.br\/loja\/wp-json\/wp\/v2\/comments?post=47628"}],"wp:featuredmedia":[{"embeddable":true,"href":"https:\/\/www.livrariarema.com.br\/loja\/wp-json\/wp\/v2\/media\/342819"}],"wp:attachment":[{"href":"https:\/\/www.livrariarema.com.br\/loja\/wp-json\/wp\/v2\/media?parent=47628"}],"wp:term":[{"taxonomy":"product_cat","embeddable":true,"href":"https:\/\/www.livrariarema.com.br\/loja\/wp-json\/wp\/v2\/product_cat?post=47628"},{"taxonomy":"product_tag","embeddable":true,"href":"https:\/\/www.livrariarema.com.br\/loja\/wp-json\/wp\/v2\/product_tag?post=47628"}],"curies":[{"name":"wp","href":"https:\/\/api.w.org\/{rel}","templated":true}]}}