{"id":47638,"date":"2021-01-21T13:53:14","date_gmt":"2021-01-21T16:53:14","guid":{"rendered":"https:\/\/www.livrariarema.com.br\/loja\/produtos\/sem%20categoria\/descortinar-do-drama-da-redencao-o-vol-1-w-g-scroggie\/"},"modified":"2026-05-06T12:02:30","modified_gmt":"2026-05-06T15:02:30","slug":"descortinar-do-drama-da-redencao-o-vol-1-w-g-scroggie","status":"publish","type":"product","link":"https:\/\/www.livrariarema.com.br\/loja\/produtos\/livros\/estudo-biblico\/descortinar-do-drama-da-redencao-o-vol-1-w-g-scroggie\/","title":{"rendered":"Descortinar Do Drama Da Reden\u00e7\u00e3o, O &#8211; Vol. 1 &#8211; W. G. Scroggie"},"content":{"rendered":"<p>Coroando mais de cinquenta anos de estudo abrangente e profundo das Escrituras, O Descortinar do Drama da Reden\u00e7\u00e3o \u00e9 reconhecida internacionalmente como sendo a obra prima de W. G. Scroggie.<\/p>\n<p>Utilizando organiza\u00e7\u00e3o estrutural similar a de um drama ingl\u00eas, Scroggie segue o tema de reden\u00e7\u00e3o atrav\u00e9s de cada livro da B\u00edblia com erudi\u00e7\u00e3o \u00edmpar, e an\u00e1lise detalhada da hist\u00f3ria e do conte\u00fado da B\u00edblia.<\/p>\n<p>A obra completa \u00e9 composta de tr\u00eas volumes e apresenta a realiza\u00e7\u00e3o do maior drama universal &#8211; o plano unificado e progressivo de salva\u00e7\u00e3o Deus para a humanidade. O Descortinar do Drama da Reden\u00e7\u00e3o \u00e9 um cl\u00e1ssico da literatura crist\u00e3 do s\u00e9culo passado, que certamente ser\u00e1 de grande utilidade para gera\u00e7\u00f5es por vir.<\/p>\n<p>Neste livro, a B\u00edblia \u00e9 apresentada de maneira sint\u00e9tica, ou seja, como um todo. Infelizmente, esse tipo de abordagem das escrituras \u00e9 comumente negligenciado. Por essa raz\u00e3o W. Scroggie preparou uma s\u00e9ries de estudos os quais, abrindo m\u00e3o de divis\u00f5es artificiais, mostram o progresso do prop\u00f3sito de reden\u00e7\u00e3o ao longo das eras. Essa t\u00e9cnica de exposi\u00e7\u00e3o das escrituras \u00e9 singular, n\u00e3o sendo encontrada em outras obras. O &#8220;Drama&#8221; \u00e9 uma obra nova e original que todo aquele ama a Palavra desejar\u00e1 estudar, conhecer e ter em sua estante para consulta.<\/p>\n","protected":false},"excerpt":{"rendered":"<p>Coroando mais de cinquenta anos de estudo abrangente e profundo das Escrituras, O Descortinar do Drama da Reden\u00e7\u00e3o \u00e9 reconhecida&hellip;<\/p>\n","protected":false},"featured_media":347919,"comment_status":"open","ping_status":"closed","template":"","meta":[],"product_cat":[161,134],"product_tag":[],"_links":{"self":[{"href":"https:\/\/www.livrariarema.com.br\/loja\/wp-json\/wp\/v2\/product\/47638"}],"collection":[{"href":"https:\/\/www.livrariarema.com.br\/loja\/wp-json\/wp\/v2\/product"}],"about":[{"href":"https:\/\/www.livrariarema.com.br\/loja\/wp-json\/wp\/v2\/types\/product"}],"replies":[{"embeddable":true,"href":"https:\/\/www.livrariarema.com.br\/loja\/wp-json\/wp\/v2\/comments?post=47638"}],"wp:featuredmedia":[{"embeddable":true,"href":"https:\/\/www.livrariarema.com.br\/loja\/wp-json\/wp\/v2\/media\/347919"}],"wp:attachment":[{"href":"https:\/\/www.livrariarema.com.br\/loja\/wp-json\/wp\/v2\/media?parent=47638"}],"wp:term":[{"taxonomy":"product_cat","embeddable":true,"href":"https:\/\/www.livrariarema.com.br\/loja\/wp-json\/wp\/v2\/product_cat?post=47638"},{"taxonomy":"product_tag","embeddable":true,"href":"https:\/\/www.livrariarema.com.br\/loja\/wp-json\/wp\/v2\/product_tag?post=47638"}],"curies":[{"name":"wp","href":"https:\/\/api.w.org\/{rel}","templated":true}]}}