{"id":47683,"date":"2021-01-21T13:55:24","date_gmt":"2021-01-21T16:55:24","guid":{"rendered":"https:\/\/www.livrariarema.com.br\/loja\/produtos\/sem%20categoria\/ra065tilgi-biblia-letra-gigante-c-indice-rosa-claro\/"},"modified":"2026-05-13T11:02:24","modified_gmt":"2026-05-13T14:02:24","slug":"ra065tilgi-biblia-letra-gigante-c-indice-rosa-claro","status":"publish","type":"product","link":"https:\/\/www.livrariarema.com.br\/loja\/produtos\/biblias\/revista-atualizada\/ra065tilgi-biblia-letra-gigante-c-indice-rosa-claro\/","title":{"rendered":"Ra065tilgi &#8211; B\u00edblia Letra Gigante &#8211; C\/ \u00cdndice &#8211; Rosa Claro"},"content":{"rendered":"<p>Com formato mais compacto, esta edi\u00e7\u00e3o na tradu\u00e7\u00e3o Almeida Revista e Atualizada possui letras gigantes que permitem maior conforto \u00e0 leitura.<\/p>\n<p><b>Recursos:<\/b><\/p>\n<p>&#8211; Notas e refer\u00eancias b\u00edblicas<br \/>\n&#8211; Tabelas de pesos, moedas e medidas<br \/>\n&#8211; Como encontrar ajuda na B\u00edblia<br \/>\n&#8211; Leituras para dias especiais<br \/>\n&#8211; O que a B\u00edblia diz sobre o perd\u00e3o de Deus<\/p>\n","protected":false},"excerpt":{"rendered":"<p>Com formato mais compacto, esta edi\u00e7\u00e3o na tradu\u00e7\u00e3o Almeida Revista e Atualizada possui letras gigantes que permitem maior conforto \u00e0&hellip;<\/p>\n","protected":false},"featured_media":348184,"comment_status":"open","ping_status":"closed","template":"","meta":[],"product_cat":[139,173],"product_tag":[],"_links":{"self":[{"href":"https:\/\/www.livrariarema.com.br\/loja\/wp-json\/wp\/v2\/product\/47683"}],"collection":[{"href":"https:\/\/www.livrariarema.com.br\/loja\/wp-json\/wp\/v2\/product"}],"about":[{"href":"https:\/\/www.livrariarema.com.br\/loja\/wp-json\/wp\/v2\/types\/product"}],"replies":[{"embeddable":true,"href":"https:\/\/www.livrariarema.com.br\/loja\/wp-json\/wp\/v2\/comments?post=47683"}],"wp:featuredmedia":[{"embeddable":true,"href":"https:\/\/www.livrariarema.com.br\/loja\/wp-json\/wp\/v2\/media\/348184"}],"wp:attachment":[{"href":"https:\/\/www.livrariarema.com.br\/loja\/wp-json\/wp\/v2\/media?parent=47683"}],"wp:term":[{"taxonomy":"product_cat","embeddable":true,"href":"https:\/\/www.livrariarema.com.br\/loja\/wp-json\/wp\/v2\/product_cat?post=47683"},{"taxonomy":"product_tag","embeddable":true,"href":"https:\/\/www.livrariarema.com.br\/loja\/wp-json\/wp\/v2\/product_tag?post=47683"}],"curies":[{"name":"wp","href":"https:\/\/api.w.org\/{rel}","templated":true}]}}