{"id":47704,"date":"2021-01-21T13:55:57","date_gmt":"2021-01-21T16:55:57","guid":{"rendered":"https:\/\/www.livrariarema.com.br\/loja\/produtos\/sem%20categoria\/introducao-e-comentario-de-proverbios-at-derek-kidner\/"},"modified":"2026-02-20T13:12:42","modified_gmt":"2026-02-20T16:12:42","slug":"introducao-e-comentario-de-proverbios-at-derek-kidner","status":"publish","type":"product","link":"https:\/\/www.livrariarema.com.br\/loja\/produtos\/livros\/comentario-biblico\/introducao-e-comentario-de-proverbios-at-derek-kidner\/","title":{"rendered":"Introdu\u00e7\u00e3o E Coment\u00e1rio De Proverbios (At) &#8211; Derek Kidner"},"content":{"rendered":"<p>Os coment\u00e1rios da S\u00e9rie Cultura B\u00edblica foram elaborados para ajudar o leitor a alcan\u00e7ar uma compreens\u00e3o do real significado do texto b\u00edblico.<\/p>\n<p>A introdu\u00e7\u00e3o de cada livro d\u00e1 \u00e0s quest\u00f5es de autoria e data um tratamento conciso, embora completo. Isso \u00e9 de grande ajuda para o leitor, pois mostra n\u00e3o s\u00f3 o prop\u00f3sito de cada livro como as circunst\u00e2ncias em que foi escrito. \u00c9 tamb\u00e9m de inestim\u00e1vel valor para professores e estudantes que buscam informa\u00e7\u00f5es sobre pontos-chaves, pois a\u00ed se veem combinados o mais alto conhecimento e o mais profundo respeito com rela\u00e7\u00e3o ao texto sagrado.<\/p>\n<p>Veja a riqueza do tratamento que o texto b\u00edblico recebe em cada coment\u00e1rio<br \/>\nda S\u00e9rie Cultura B\u00edblica:<\/p>\n<p>&#8211; Os coment\u00e1rios tomam cada livro e estabelecem as respectivas se\u00e7\u00f5es, al\u00e9m de destacar os temas principais.<br \/>\n&#8211; O texto \u00e9 comentado vers\u00edculo por vers\u00edculo.<br \/>\n&#8211; S\u00e3o focalizados os problemas de interpreta\u00e7\u00e3o.<br \/>\n&#8211; Em notas adicionais, as dificuldades espec\u00edficas de cada texto s\u00e3o discutidas em profundidade.<\/p>\n<p>O objetivo principal dos coment\u00e1rios \u00e9 buscar o verdadeiro significado do texto da B\u00edblia, tornando sua mensagem plenamente compreens\u00edvel.<\/p>\n","protected":false},"excerpt":{"rendered":"<p>Os coment\u00e1rios da S\u00e9rie Cultura B\u00edblica foram elaborados para ajudar o leitor a alcan\u00e7ar uma compreens\u00e3o do real significado do&hellip;<\/p>\n","protected":false},"featured_media":345008,"comment_status":"open","ping_status":"closed","template":"","meta":[],"product_cat":[164,134],"product_tag":[],"_links":{"self":[{"href":"https:\/\/www.livrariarema.com.br\/loja\/wp-json\/wp\/v2\/product\/47704"}],"collection":[{"href":"https:\/\/www.livrariarema.com.br\/loja\/wp-json\/wp\/v2\/product"}],"about":[{"href":"https:\/\/www.livrariarema.com.br\/loja\/wp-json\/wp\/v2\/types\/product"}],"replies":[{"embeddable":true,"href":"https:\/\/www.livrariarema.com.br\/loja\/wp-json\/wp\/v2\/comments?post=47704"}],"wp:featuredmedia":[{"embeddable":true,"href":"https:\/\/www.livrariarema.com.br\/loja\/wp-json\/wp\/v2\/media\/345008"}],"wp:attachment":[{"href":"https:\/\/www.livrariarema.com.br\/loja\/wp-json\/wp\/v2\/media?parent=47704"}],"wp:term":[{"taxonomy":"product_cat","embeddable":true,"href":"https:\/\/www.livrariarema.com.br\/loja\/wp-json\/wp\/v2\/product_cat?post=47704"},{"taxonomy":"product_tag","embeddable":true,"href":"https:\/\/www.livrariarema.com.br\/loja\/wp-json\/wp\/v2\/product_tag?post=47704"}],"curies":[{"name":"wp","href":"https:\/\/api.w.org\/{rel}","templated":true}]}}