{"id":47753,"date":"2021-01-21T13:57:34","date_gmt":"2021-01-21T16:57:34","guid":{"rendered":"https:\/\/www.livrariarema.com.br\/loja\/produtos\/sem%20categoria\/biblia-de-estudo-esperanca-preta\/"},"modified":"2026-02-20T12:33:51","modified_gmt":"2026-02-20T15:33:51","slug":"biblia-de-estudo-esperanca-preta","status":"publish","type":"product","link":"https:\/\/www.livrariarema.com.br\/loja\/produtos\/biblias\/estudo\/biblia-de-estudo-esperanca-preta\/","title":{"rendered":"B\u00edblia De Estudo Esperan\u00e7a &#8211; Luiz Say\u00e3o &#8211; Preta"},"content":{"rendered":"<p>A B\u00edblia de Estudo Esperan\u00e7a \u00e9 ideal para quem busca um estudo  completo e ao mesmo tempo f\u00e1cil de ser compreendido. A cada p\u00e1gina, voc\u00ea ir\u00e1 encontrar de forma pr\u00e1tica respostas, contidas no texto  b\u00edblico, para os mais diferentes questionamentos de sua pr\u00f3pria vida.<\/p>\n<p>As respostas s\u00e3o objetivas, claras e abrangentes.<\/p>\n<p>Seja em casa, na fam\u00edlia, no trabalho ou mesmo com os amigos, a B\u00edblia de Estudo Esperan\u00e7a servir\u00e1 como sua ferramenta evangel\u00edstica, apolog\u00e9tica e de edifica\u00e7\u00e3o.<\/p>\n<p>Conte\u00fado:<\/p>\n<p>S\u00e3o 365 perguntas e respostas divididas em 20 temas distintos:<br \/>\nDeus e a Cria\u00e7\u00e3o, B\u00edblia, Cristo, Pecado, Sabedoria, Salva\u00e7\u00e3o, Vida Eterna, Nova Vida, Igreja, Misticismo, Mundo Espiritual, Religi\u00e3o, Momentos Dif\u00edceis, Fraquezas, Sexualidade, Quest\u00f5es Dif\u00edceis, Fam\u00edlia, Finan\u00e7as, Mundo Atual, Datas e Textos Especiais. As perguntas foram cuidadosamente elaboradas a partir da doutrina, B\u00edblica fundamental, do contexto religioso brasileiro e do mundo contempor\u00e2neo.<\/p>\n","protected":false},"excerpt":{"rendered":"<p>A B\u00edblia de Estudo Esperan\u00e7a \u00e9 ideal para quem busca um estudo completo e ao mesmo tempo f\u00e1cil de ser&hellip;<\/p>\n","protected":false},"featured_media":344922,"comment_status":"open","ping_status":"closed","template":"","meta":[],"product_cat":[139,140],"product_tag":[],"_links":{"self":[{"href":"https:\/\/www.livrariarema.com.br\/loja\/wp-json\/wp\/v2\/product\/47753"}],"collection":[{"href":"https:\/\/www.livrariarema.com.br\/loja\/wp-json\/wp\/v2\/product"}],"about":[{"href":"https:\/\/www.livrariarema.com.br\/loja\/wp-json\/wp\/v2\/types\/product"}],"replies":[{"embeddable":true,"href":"https:\/\/www.livrariarema.com.br\/loja\/wp-json\/wp\/v2\/comments?post=47753"}],"wp:featuredmedia":[{"embeddable":true,"href":"https:\/\/www.livrariarema.com.br\/loja\/wp-json\/wp\/v2\/media\/344922"}],"wp:attachment":[{"href":"https:\/\/www.livrariarema.com.br\/loja\/wp-json\/wp\/v2\/media?parent=47753"}],"wp:term":[{"taxonomy":"product_cat","embeddable":true,"href":"https:\/\/www.livrariarema.com.br\/loja\/wp-json\/wp\/v2\/product_cat?post=47753"},{"taxonomy":"product_tag","embeddable":true,"href":"https:\/\/www.livrariarema.com.br\/loja\/wp-json\/wp\/v2\/product_tag?post=47753"}],"curies":[{"name":"wp","href":"https:\/\/api.w.org\/{rel}","templated":true}]}}