{"id":47798,"date":"2021-01-21T13:58:53","date_gmt":"2021-01-21T16:58:53","guid":{"rendered":"https:\/\/www.livrariarema.com.br\/loja\/produtos\/sem%20categoria\/e-ele-habitou-entre-nos-ensinamentos-do-evangelho-de-joao-a-w-tozer\/"},"modified":"2026-03-24T14:34:41","modified_gmt":"2026-03-24T17:34:41","slug":"e-ele-habitou-entre-nos-ensinamentos-do-evangelho-de-joao-a-w-tozer","status":"publish","type":"product","link":"https:\/\/www.livrariarema.com.br\/loja\/produtos\/livros\/estudo-biblico\/e-ele-habitou-entre-nos-ensinamentos-do-evangelho-de-joao-a-w-tozer\/","title":{"rendered":"E Ele Habitou Entre N\u00f3s &#8211; Ensinamentos Do Evangelho De Jo\u00e3o &#8211; A W. Tozer"},"content":{"rendered":"<p>O livro E Ele habitou entre n\u00f3s, um lan\u00e7amento da Gra\u00e7a Editorial, revela a voz de A. W. Tozer de um modo \u00fanico &#8211; a de um excelente mestre que aprecia a natureza essencial do evangelho de Jo\u00e3o. Nesta obra, o leitor vai encontrar as explica\u00e7\u00f5es do autor guiadas pelo Esp\u00edrito, que ajudar\u00e3o seus pensamentos a alcan\u00e7arem uma atmosfera de pura adora\u00e7\u00e3o ao \u00danico que Se fez carne para que pud\u00e9ssemos conhec\u00ea-Lo.<\/p>\n<p>&#8220;De todos os livros da B\u00edblia, nenhum apresenta Cristo t\u00e3o soberanamente quanto o evangelho de Jo\u00e3o. Acho que a raz\u00e3o de ele capturar tanto o nosso cora\u00e7\u00e3o e a nossa mente \u00e9 a abordagem de seu autor. Enquanto o ap\u00f3stolo Paulo apresenta Cristo em um cen\u00e1rio teol\u00f3gico, Jo\u00e3o usa o cen\u00e1rio m\u00edstico. Ao fazer isso, Jo\u00e3o n\u00e3o negligencia a Teologia, a qual est\u00e1 muito presente em seu evangelho. Em vez disso, ele a usa como uma escada para atingir as alturas da natureza de Cristo&#8221;, ressalta Tozer.<\/p>\n<p>Os familiarizados com A. W. Tozer geralmente o consideram profeta. Ele foi, durante muitos anos, e ainda \u00e9, por meio de seus escritos, uma voz prof\u00e9tica para a Igreja de Jesus Cristo. Entretanto, em E Ele habitou entre n\u00f3s, o leitor entra em contato com um Tozer ligeiramente diferente, o qual ministra n\u00e3o como profeta, mas como um pastor que tem paix\u00e3o por alcan\u00e7ar os perdidos.<\/p>\n<p>Nesta obra, o leitor ter\u00e1 temas interessantes como &#8220;O mist\u00e9rio do Verbo feito carne&#8221;, &#8220;O que importa realmente para Deus?&#8221;, &#8220;Harmonia e unidade perfeitas na Trindade&#8221;, &#8220;Vivendo vitoriosamente em dois reinos&#8221;, &#8220;A import\u00e2ncia do conceito adequado a respeito de Deus&#8221;, dentre outros.<\/p>\n<p>Durante mais de um ano, Tozer pregou semanalmente sobre o evangelho de Jo\u00e3o, um dos seus livros favoritos da B\u00edblia, no qual esta obra se baseia e, assim, traz revela\u00e7\u00f5es incr\u00edveis que v\u00e3o levar o leitor a um crescimento espiritual.<\/p>\n<p>Sobre o autor<br \/>\nA. W. Tozer foi pastor da Christian and Missionary Alliance [Alian\u00e7a Crist\u00e3 Mission\u00e1ria], de 1919 a 1963, e editor da Alliance Weekly [hoje Alliance Life] de 1950 a 1963. Este prof\u00edcuo autor escreveu muitas obras ao longo de sua vida, e o mais famoso deles foi \u00c0 procura de Deus. Al\u00e9m de seus livros, escreveu diversos artigos que foram publicados nos maiores jornais e nas mais renomadas revistas do meio crist\u00e3o da \u00e9poca.<\/p>\n","protected":false},"excerpt":{"rendered":"<p>O livro E Ele habitou entre n\u00f3s, um lan\u00e7amento da Gra\u00e7a Editorial, revela a voz de A. W. Tozer de&hellip;<\/p>\n","protected":false},"featured_media":322945,"comment_status":"open","ping_status":"closed","template":"","meta":[],"product_cat":[161,134],"product_tag":[],"_links":{"self":[{"href":"https:\/\/www.livrariarema.com.br\/loja\/wp-json\/wp\/v2\/product\/47798"}],"collection":[{"href":"https:\/\/www.livrariarema.com.br\/loja\/wp-json\/wp\/v2\/product"}],"about":[{"href":"https:\/\/www.livrariarema.com.br\/loja\/wp-json\/wp\/v2\/types\/product"}],"replies":[{"embeddable":true,"href":"https:\/\/www.livrariarema.com.br\/loja\/wp-json\/wp\/v2\/comments?post=47798"}],"wp:featuredmedia":[{"embeddable":true,"href":"https:\/\/www.livrariarema.com.br\/loja\/wp-json\/wp\/v2\/media\/322945"}],"wp:attachment":[{"href":"https:\/\/www.livrariarema.com.br\/loja\/wp-json\/wp\/v2\/media?parent=47798"}],"wp:term":[{"taxonomy":"product_cat","embeddable":true,"href":"https:\/\/www.livrariarema.com.br\/loja\/wp-json\/wp\/v2\/product_cat?post=47798"},{"taxonomy":"product_tag","embeddable":true,"href":"https:\/\/www.livrariarema.com.br\/loja\/wp-json\/wp\/v2\/product_tag?post=47798"}],"curies":[{"name":"wp","href":"https:\/\/api.w.org\/{rel}","templated":true}]}}