{"id":47816,"date":"2021-01-21T13:59:28","date_gmt":"2021-01-21T16:59:28","guid":{"rendered":"https:\/\/www.livrariarema.com.br\/loja\/produtos\/sem%20categoria\/curai-enfermos-e-expulsai-demonios-t-l-osborn\/"},"modified":"2025-09-22T07:27:21","modified_gmt":"2025-09-22T10:27:21","slug":"curai-enfermos-e-expulsai-demonios-t-l-osborn","status":"publish","type":"product","link":"https:\/\/www.livrariarema.com.br\/loja\/produtos\/livros\/cura-libertacao\/curai-enfermos-e-expulsai-demonios-t-l-osborn\/","title":{"rendered":"Curai Enfermos E Expulsai Dem\u00f4nios &#8211; T. L. Osborn"},"content":{"rendered":"<p>Ele (Deus) enviou a sua palavra e os curou, e os livrou da morte. &#8211; Salmo 107:20<\/p>\n<p>Curai enfermos e expulsai dem\u00f4nios tem sido aclamado em todo o mundo como um cl\u00e1ssico do s\u00e9culo XX, cujo tema principal \u00e9 a cura divina.<\/p>\n<p>T.L. Osborn destaca que, at\u00e9 hoje, os resultados do poder da ressurrei\u00e7\u00e3o de Jesus Cristo s\u00e3o manifestos nas multid\u00f5es, por meio de curas milagrosas.<\/p>\n<p>Muitos t\u00eam sido curados ao agirem conforme as verdades reconhecidas durante a leitura de Curai enfermos e expulsai dem\u00f4nios. Trata-se de um livro escrito com simplicidade e clareza, que pode e deve servir de refer\u00eancia sobre a cura divina para o minist\u00e9rio de l\u00edderes, bem como para a vida dos demais crist\u00e3os.<\/p>\n<p>Ao l\u00ea-lo, a declara\u00e7\u00e3o do pr\u00f3prio Deus, Eu sou o Senhor que te sara, tornar-se-\u00e1 viva e real em sua vida.<\/p>\n","protected":false},"excerpt":{"rendered":"<p>Ele (Deus) enviou a sua palavra e os curou, e os livrou da morte. &#8211; Salmo 107:20 Curai enfermos e&hellip;<\/p>\n","protected":false},"featured_media":322964,"comment_status":"open","ping_status":"closed","template":"","meta":[],"product_cat":[157,134],"product_tag":[],"_links":{"self":[{"href":"https:\/\/www.livrariarema.com.br\/loja\/wp-json\/wp\/v2\/product\/47816"}],"collection":[{"href":"https:\/\/www.livrariarema.com.br\/loja\/wp-json\/wp\/v2\/product"}],"about":[{"href":"https:\/\/www.livrariarema.com.br\/loja\/wp-json\/wp\/v2\/types\/product"}],"replies":[{"embeddable":true,"href":"https:\/\/www.livrariarema.com.br\/loja\/wp-json\/wp\/v2\/comments?post=47816"}],"wp:featuredmedia":[{"embeddable":true,"href":"https:\/\/www.livrariarema.com.br\/loja\/wp-json\/wp\/v2\/media\/322964"}],"wp:attachment":[{"href":"https:\/\/www.livrariarema.com.br\/loja\/wp-json\/wp\/v2\/media?parent=47816"}],"wp:term":[{"taxonomy":"product_cat","embeddable":true,"href":"https:\/\/www.livrariarema.com.br\/loja\/wp-json\/wp\/v2\/product_cat?post=47816"},{"taxonomy":"product_tag","embeddable":true,"href":"https:\/\/www.livrariarema.com.br\/loja\/wp-json\/wp\/v2\/product_tag?post=47816"}],"curies":[{"name":"wp","href":"https:\/\/api.w.org\/{rel}","templated":true}]}}