{"id":47818,"date":"2021-01-21T13:59:32","date_gmt":"2021-01-21T16:59:32","guid":{"rendered":"https:\/\/www.livrariarema.com.br\/loja\/produtos\/sem%20categoria\/proposito-do-homem-o-a-w-tozer\/"},"modified":"2025-09-02T10:20:42","modified_gmt":"2025-09-02T13:20:42","slug":"proposito-do-homem-o-a-w-tozer","status":"publish","type":"product","link":"https:\/\/www.livrariarema.com.br\/loja\/produtos\/livros\/adoracao\/proposito-do-homem-o-a-w-tozer\/","title":{"rendered":"Prop\u00f3sito Do Homem, O &#8211; A. W. Tozer"},"content":{"rendered":"<p>\u00c9 comum as pessoas apresentarem pedidos a Deus, mas poucas vezes param para refletir sobre a vontade dEle em sua vida. Independentemente dos planos que o Senhor tenha para cada um, existe um prop\u00f3sito divino em comum para o ser humano: a adora\u00e7\u00e3o.<\/p>\n<p>No primeiro livro de A. W. Tozer pela Gra\u00e7a Editorial, O prop\u00f3sito do homem -Criado para adorar, o renomado escritor aborda o tema adora\u00e7\u00e3o, que, durante seus mais de 30 anos de minist\u00e9rio, foi o que mais dominou seu cora\u00e7\u00e3o. &#8220;A adora\u00e7\u00e3o \u00e9 a raz\u00e3o plena para a exist\u00eancia do homem. Ela \u00e9 o motivo para o qual nascemos e, do mesmo modo, nascemos de novo&#8221;, dizia o autor, falecido em 1963.<\/p>\n<p>Adora\u00e7\u00e3o \u00e9 um tema muito procurado pelos crist\u00e3os, mas os livros que retratam o assunto costumam basear-se apenas em pr\u00e1ticas e manifesta\u00e7\u00f5es estranhas. Na literatura de Tozer, no entanto, o conte\u00fado \u00e9 totalmente fundamentado na doutrina b\u00edblica e nos textos hist\u00f3ricos que enfocam a presen\u00e7a de Deus.<\/p>\n<p>Em O prop\u00f3sito do homem &#8211; Criado para adorar, o leitor encontrar\u00e1 um material in\u00e9dito, compilado e editado por James Snyder por meio da transcri\u00e7\u00e3o de fitas com os melhores serm\u00f5es de Tozer.<\/p>\n<p>&#8220;Ao longo desta obra, o Dr. Tozer discorre, de modo sistem\u00e1tico, acerca do tema que mais dominava seu cora\u00e7\u00e3o. Creio que em nenhum outro lugar encontraremos uma tese sobre adora\u00e7\u00e3o abordada de maneira t\u00e3o plena e com uma paix\u00e3o t\u00e3o santa. Tozer foi um dos primeiros no meio evang\u00e9lico a chamar a aten\u00e7\u00e3o para o descaso a essa doutrina b\u00edblica; por isso, exortou os crist\u00e3os, de modo bem claro, para que voltassem ao primeiro amor. Al\u00e9m disso, como a Igreja Evang\u00e9lica tem seguido um rumo totalmente contr\u00e1rio, os ensinamentos de Tozer s\u00e3o t\u00e3o importantes hoje como o foram quando ele os ministrou&#8221;, destaca o Rev. Snyder, reconhecido como uma autoridade sobre a vida e o minist\u00e9rio de Tozer.<\/p>\n<p>Neste livro, o autor tem dois objetivos: dedicar-se ao tema que mais preenchia seu cora\u00e7\u00e3o e inspirar outros a cultivarem um esp\u00edrito de adora\u00e7\u00e3o em sua vida di\u00e1ria. &#8220;Tozer edifica um s\u00f3lido fundamento nesta obra, e, quando voc\u00ea ler este material, ser\u00e1 impelido a desenvolver uma vida de adora\u00e7\u00e3o que ser\u00e1 parte integral de seu cotidiano. Todos aqueles que fizerem a leitura deste livro jamais ser\u00e3o os mesmos, principalmente no que diz respeito \u00e0 sua adora\u00e7\u00e3o pessoal a Deus&#8221;, explica James Snyder.<\/p>\n<p>Composto por mensagens que, segundo o pr\u00f3prio Tozer, re\u00fanem o melhor de seus ensinamentos, O prop\u00f3sito do homem &#8211; Criado para adorar tamb\u00e9m agradar\u00e1 \u00e0queles que est\u00e3o acostumados com antigos cl\u00e1ssicos do autor e foram tocados e transformados por eles.<\/p>\n<p>&#8220;O que Tozer expressa sobre a quest\u00e3o da adora\u00e7\u00e3o neste livro levar\u00e1 voc\u00ea a reconsiderar as prioridades de sua vida e, ao mesmo tempo, oferecer\u00e1 \u00e0 sua alma um c\u00e1lice da \u00c1gua viva. Se este livro o levar a se ajoelhar em adora\u00e7\u00e3o contrita perante Deus, bem como o encorajar a deixar a vida religiosa e corrida que voc\u00ea tem tido e a fazer uso do seu direito adquirido de ser um adorador, j\u00e1 ter\u00e1 valido a pena todo o esfor\u00e7o para public\u00e1-lo&#8221;, finaliza o Rev. Snyder.<\/p>\n","protected":false},"excerpt":{"rendered":"<p>\u00c9 comum as pessoas apresentarem pedidos a Deus, mas poucas vezes param para refletir sobre a vontade dEle em sua&hellip;<\/p>\n","protected":false},"featured_media":322970,"comment_status":"open","ping_status":"closed","template":"","meta":[],"product_cat":[200,134],"product_tag":[],"_links":{"self":[{"href":"https:\/\/www.livrariarema.com.br\/loja\/wp-json\/wp\/v2\/product\/47818"}],"collection":[{"href":"https:\/\/www.livrariarema.com.br\/loja\/wp-json\/wp\/v2\/product"}],"about":[{"href":"https:\/\/www.livrariarema.com.br\/loja\/wp-json\/wp\/v2\/types\/product"}],"replies":[{"embeddable":true,"href":"https:\/\/www.livrariarema.com.br\/loja\/wp-json\/wp\/v2\/comments?post=47818"}],"wp:featuredmedia":[{"embeddable":true,"href":"https:\/\/www.livrariarema.com.br\/loja\/wp-json\/wp\/v2\/media\/322970"}],"wp:attachment":[{"href":"https:\/\/www.livrariarema.com.br\/loja\/wp-json\/wp\/v2\/media?parent=47818"}],"wp:term":[{"taxonomy":"product_cat","embeddable":true,"href":"https:\/\/www.livrariarema.com.br\/loja\/wp-json\/wp\/v2\/product_cat?post=47818"},{"taxonomy":"product_tag","embeddable":true,"href":"https:\/\/www.livrariarema.com.br\/loja\/wp-json\/wp\/v2\/product_tag?post=47818"}],"curies":[{"name":"wp","href":"https:\/\/api.w.org\/{rel}","templated":true}]}}