{"id":47820,"date":"2021-01-21T13:59:36","date_gmt":"2021-01-21T16:59:36","guid":{"rendered":"https:\/\/www.livrariarema.com.br\/loja\/produtos\/sem%20categoria\/hermeneutica-e-lund-p-c-nelson\/"},"modified":"2026-03-07T14:08:10","modified_gmt":"2026-03-07T17:08:10","slug":"hermeneutica-e-lund-p-c-nelson","status":"publish","type":"product","link":"https:\/\/www.livrariarema.com.br\/loja\/produtos\/livros\/teologia\/hermeneutica-e-lund-p-c-nelson\/","title":{"rendered":"Hermen\u00eautica &#8211; E. Lund, P. C.Nelson"},"content":{"rendered":"<p>O livro Hermen\u00eautica traz aos estudantes, pastores e a todo aquele que deseja aprender mais das Escrituras a como interpret\u00e1-la da maneira correta, atrav\u00e9s dos princ\u00edpios apresentados na obra.<\/p>\n","protected":false},"excerpt":{"rendered":"<p>O livro Hermen\u00eautica traz aos estudantes, pastores e a todo aquele que deseja aprender mais das Escrituras a como interpret\u00e1-la&hellip;<\/p>\n","protected":false},"featured_media":345947,"comment_status":"open","ping_status":"closed","template":"","meta":[],"product_cat":[134,136],"product_tag":[],"_links":{"self":[{"href":"https:\/\/www.livrariarema.com.br\/loja\/wp-json\/wp\/v2\/product\/47820"}],"collection":[{"href":"https:\/\/www.livrariarema.com.br\/loja\/wp-json\/wp\/v2\/product"}],"about":[{"href":"https:\/\/www.livrariarema.com.br\/loja\/wp-json\/wp\/v2\/types\/product"}],"replies":[{"embeddable":true,"href":"https:\/\/www.livrariarema.com.br\/loja\/wp-json\/wp\/v2\/comments?post=47820"}],"wp:featuredmedia":[{"embeddable":true,"href":"https:\/\/www.livrariarema.com.br\/loja\/wp-json\/wp\/v2\/media\/345947"}],"wp:attachment":[{"href":"https:\/\/www.livrariarema.com.br\/loja\/wp-json\/wp\/v2\/media?parent=47820"}],"wp:term":[{"taxonomy":"product_cat","embeddable":true,"href":"https:\/\/www.livrariarema.com.br\/loja\/wp-json\/wp\/v2\/product_cat?post=47820"},{"taxonomy":"product_tag","embeddable":true,"href":"https:\/\/www.livrariarema.com.br\/loja\/wp-json\/wp\/v2\/product_tag?post=47820"}],"curies":[{"name":"wp","href":"https:\/\/api.w.org\/{rel}","templated":true}]}}