{"id":47837,"date":"2021-01-21T14:00:12","date_gmt":"2021-01-21T17:00:12","guid":{"rendered":"https:\/\/www.livrariarema.com.br\/loja\/produtos\/sem%20categoria\/fantastico-37-historias-e-grandes-ideias-para-ebd-e-culto-infantil-de-3-a-6-anos-vol-1\/"},"modified":"2026-02-20T13:27:46","modified_gmt":"2026-02-20T16:27:46","slug":"fantastico-37-historias-e-grandes-ideias-para-ebd-e-culto-infantil-de-3-a-6-anos-vol-1","status":"publish","type":"product","link":"https:\/\/www.livrariarema.com.br\/loja\/produtos\/promocao\/livros-promocao\/fantastico-37-historias-e-grandes-ideias-para-ebd-e-culto-infantil-de-3-a-6-anos-vol-1\/","title":{"rendered":"Fant\u00e1stico: 37 Hist\u00f3rias E Grandes Ideias Para Ebd E Culto Infantil De 3 A 6 Anos &#8211; Vol. 1"},"content":{"rendered":"<p>Um livro insuper\u00e1vel de sugest\u00f5es para ensinar a B\u00edblia aos seus alunos!<Br><br \/>\nVoc\u00ea escolhe as hist\u00f3rias, as atividades e os lanches mais apropriados \u00e0 sua classe!<br \/>\n<Br><Br><br \/>\nAgora \u00e9 f\u00e1cil e divertido ensinar a B\u00edblia \u00e0s crian\u00e7as!<Br><br \/>\nAqui, bem ao alcance das m\u00e3os, encontram-se hist\u00f3rias b\u00edblicas, brincadeiras, trabalhos manuais, artes, c\u00e2nticos e ora\u00e7\u00f5es. Todos os ingredientes din\u00e2micos que voc\u00ea precisa para oferecer uma aula gostosa desde o primeiro minuto.<Br><\/p>\n","protected":false},"excerpt":{"rendered":"<p>Um livro insuper\u00e1vel de sugest\u00f5es para ensinar a B\u00edblia aos seus alunos! Voc\u00ea escolhe as hist\u00f3rias, as atividades e os&hellip;<\/p>\n","protected":false},"featured_media":345051,"comment_status":"open","ping_status":"closed","template":"","meta":[],"product_cat":[143,142],"product_tag":[],"_links":{"self":[{"href":"https:\/\/www.livrariarema.com.br\/loja\/wp-json\/wp\/v2\/product\/47837"}],"collection":[{"href":"https:\/\/www.livrariarema.com.br\/loja\/wp-json\/wp\/v2\/product"}],"about":[{"href":"https:\/\/www.livrariarema.com.br\/loja\/wp-json\/wp\/v2\/types\/product"}],"replies":[{"embeddable":true,"href":"https:\/\/www.livrariarema.com.br\/loja\/wp-json\/wp\/v2\/comments?post=47837"}],"wp:featuredmedia":[{"embeddable":true,"href":"https:\/\/www.livrariarema.com.br\/loja\/wp-json\/wp\/v2\/media\/345051"}],"wp:attachment":[{"href":"https:\/\/www.livrariarema.com.br\/loja\/wp-json\/wp\/v2\/media?parent=47837"}],"wp:term":[{"taxonomy":"product_cat","embeddable":true,"href":"https:\/\/www.livrariarema.com.br\/loja\/wp-json\/wp\/v2\/product_cat?post=47837"},{"taxonomy":"product_tag","embeddable":true,"href":"https:\/\/www.livrariarema.com.br\/loja\/wp-json\/wp\/v2\/product_tag?post=47837"}],"curies":[{"name":"wp","href":"https:\/\/api.w.org\/{rel}","templated":true}]}}