{"id":47841,"date":"2021-01-21T14:00:19","date_gmt":"2021-01-21T17:00:19","guid":{"rendered":"https:\/\/www.livrariarema.com.br\/loja\/produtos\/sem%20categoria\/perola-na-areia-tessa-afshar\/"},"modified":"2026-03-06T14:40:51","modified_gmt":"2026-03-06T17:40:51","slug":"perola-na-areia-tessa-afshar","status":"publish","type":"product","link":"https:\/\/www.livrariarema.com.br\/loja\/produtos\/livros\/romance\/perola-na-areia-tessa-afshar\/","title":{"rendered":"P\u00e9rola Na Areia &#8211; Tessa Afshar"},"content":{"rendered":"<p>Como uma gentia, marcada por um passado arruinado e de m\u00e1 reputa\u00e7\u00e3o, pode fazer parte da linhagem de Cristo e se tornar s\u00edmbolo de f\u00e9 aut\u00eantica e irrepreens\u00edvel diante de Deus? Seria poss\u00edvel.<\/p>\n<p>Alguns podem questionar o fato de Raabe ter sido respeitada, a ponto de ter seu nome escrito nas Escrituras, mas poucos teriam a mesma ousadia. O livro P\u00e9rola na Areia quebra alguns tabus acerca da reden\u00e7\u00e3o dessa mulher que, embora gentia, reconheceu a soberania do Deus de Israel e ousou enfrentar o seu pr\u00f3prio povo. Ela fez a gra\u00e7a de Deus alcan\u00e7ar sua vida, tornando o pecado como fio escarlate, agora, na pureza mais alva que a neve. Todos conhecem a hist\u00f3ria de Raabe, a prostituta, mas poucos reconhecem que foram sua ousadia e f\u00e9 balizadas pela boa obra que salvaram os espi\u00f5es e os ajudaram a conquistar a Terra Prometida.<\/p>\n<p>P\u00e9rola na Areia o conduz a uma incr\u00edvel e emocionante jornada pela hist\u00f3ria de uma gentia, que, em meio a uma na\u00e7\u00e3o pag\u00e3 destru\u00edda, teve a vida poupada como fruto de sua f\u00e9 sincera. Vemos, tamb\u00e9m, que Salmom &#8211; um grande homem de f\u00e9, influente l\u00edder de Jud\u00e1 estimado em toda Israel e inimigo dos gentios &#8211; far\u00e1 Raabe redescobrir um sentimento intenso e conflitante que come\u00e7ar\u00e1 em seu pr\u00f3prio cora\u00e7\u00e3o.<\/p>\n<p>Descubra como uma gentia alcan\u00e7ou tal gra\u00e7a diante de Deus e fez parte da genealogia de Cristo.<\/p>\n","protected":false},"excerpt":{"rendered":"<p>Como uma gentia, marcada por um passado arruinado e de m\u00e1 reputa\u00e7\u00e3o, pode fazer parte da linhagem de Cristo e&hellip;<\/p>\n","protected":false},"featured_media":345176,"comment_status":"open","ping_status":"closed","template":"","meta":[],"product_cat":[134,182],"product_tag":[],"_links":{"self":[{"href":"https:\/\/www.livrariarema.com.br\/loja\/wp-json\/wp\/v2\/product\/47841"}],"collection":[{"href":"https:\/\/www.livrariarema.com.br\/loja\/wp-json\/wp\/v2\/product"}],"about":[{"href":"https:\/\/www.livrariarema.com.br\/loja\/wp-json\/wp\/v2\/types\/product"}],"replies":[{"embeddable":true,"href":"https:\/\/www.livrariarema.com.br\/loja\/wp-json\/wp\/v2\/comments?post=47841"}],"wp:featuredmedia":[{"embeddable":true,"href":"https:\/\/www.livrariarema.com.br\/loja\/wp-json\/wp\/v2\/media\/345176"}],"wp:attachment":[{"href":"https:\/\/www.livrariarema.com.br\/loja\/wp-json\/wp\/v2\/media?parent=47841"}],"wp:term":[{"taxonomy":"product_cat","embeddable":true,"href":"https:\/\/www.livrariarema.com.br\/loja\/wp-json\/wp\/v2\/product_cat?post=47841"},{"taxonomy":"product_tag","embeddable":true,"href":"https:\/\/www.livrariarema.com.br\/loja\/wp-json\/wp\/v2\/product_tag?post=47841"}],"curies":[{"name":"wp","href":"https:\/\/api.w.org\/{rel}","templated":true}]}}