{"id":47861,"date":"2021-01-21T14:01:01","date_gmt":"2021-01-21T17:01:01","guid":{"rendered":"https:\/\/www.livrariarema.com.br\/loja\/produtos\/sem%20categoria\/isca-de-satanas-a-john-bevere-devocional\/"},"modified":"2025-11-04T12:46:09","modified_gmt":"2025-11-04T15:46:09","slug":"isca-de-satanas-a-john-bevere-devocional","status":"publish","type":"product","link":"https:\/\/www.livrariarema.com.br\/loja\/produtos\/livros\/devocional\/isca-de-satanas-a-john-bevere-devocional\/","title":{"rendered":"Isca De Satan\u00e1s, A &#8211; John Bevere &#8211; Devocional"},"content":{"rendered":"<p>A Isca De Satan\u00e1s exp\u00f5e um dos la\u00e7os mais enganosos que satan\u00e1s utiliza para tirar os crentes da vontade de Deus &#8211; a ofensa. A maioria das pessoas que \u00e9 presa pela isca de satan\u00e1s nem sequer percebe isso.<\/p>\n<p>N\u00e3o se deixe enganar! A ofensa o alcan\u00e7ar\u00e1, mas a forma como ela afetar\u00e1 o seu relacionamento com Deus depende de voc\u00ea. A sua rea\u00e7\u00e3o determinar\u00e1 o seu futuro. Se a ofensa for tratada da forma correta, voc\u00ea se tornar\u00e1 mais forte em vez de se tornar uma pessoa amarga.<\/p>\n<p>O Devocional complementa o livro, oferecendo um material de estudo e reflex\u00e3o para seus momentops devocionais com Deus.<\/p>\n<p>Este guia de estudos devocional o ajudar\u00e1 a mergulhar mais fundo nas verdades biblicas relacionadas ao livro, capacitando-o a resistir a receber uma ofensa e a se arrepender e se libertar das ofensas que possam ter afetado sua vida no passado. Queremos ajud\u00e1-lo a descobrir o plano de Deus para lidar com as ofensas!<\/p>\n","protected":false},"excerpt":{"rendered":"<p>A Isca De Satan\u00e1s exp\u00f5e um dos la\u00e7os mais enganosos que satan\u00e1s utiliza para tirar os crentes da vontade de&hellip;<\/p>\n","protected":false},"featured_media":340545,"comment_status":"open","ping_status":"closed","template":"","meta":[],"product_cat":[158,134],"product_tag":[],"_links":{"self":[{"href":"https:\/\/www.livrariarema.com.br\/loja\/wp-json\/wp\/v2\/product\/47861"}],"collection":[{"href":"https:\/\/www.livrariarema.com.br\/loja\/wp-json\/wp\/v2\/product"}],"about":[{"href":"https:\/\/www.livrariarema.com.br\/loja\/wp-json\/wp\/v2\/types\/product"}],"replies":[{"embeddable":true,"href":"https:\/\/www.livrariarema.com.br\/loja\/wp-json\/wp\/v2\/comments?post=47861"}],"wp:featuredmedia":[{"embeddable":true,"href":"https:\/\/www.livrariarema.com.br\/loja\/wp-json\/wp\/v2\/media\/340545"}],"wp:attachment":[{"href":"https:\/\/www.livrariarema.com.br\/loja\/wp-json\/wp\/v2\/media?parent=47861"}],"wp:term":[{"taxonomy":"product_cat","embeddable":true,"href":"https:\/\/www.livrariarema.com.br\/loja\/wp-json\/wp\/v2\/product_cat?post=47861"},{"taxonomy":"product_tag","embeddable":true,"href":"https:\/\/www.livrariarema.com.br\/loja\/wp-json\/wp\/v2\/product_tag?post=47861"}],"curies":[{"name":"wp","href":"https:\/\/api.w.org\/{rel}","templated":true}]}}