{"id":47876,"date":"2021-01-21T14:02:52","date_gmt":"2021-01-21T17:02:52","guid":{"rendered":"https:\/\/www.livrariarema.com.br\/loja\/produtos\/sem%20categoria\/dicionario-biblico-ilustrado-crescer\/"},"modified":"2026-03-26T14:20:31","modified_gmt":"2026-03-26T17:20:31","slug":"dicionario-biblico-ilustrado-crescer","status":"publish","type":"product","link":"https:\/\/www.livrariarema.com.br\/loja\/produtos\/livros\/dicionario-gramatica\/dicionario-biblico-ilustrado-crescer\/","title":{"rendered":"Dicion\u00e1rio B\u00edblico Ilustrado Crescer"},"content":{"rendered":"<p>O Dicion\u00e1rio B\u00edblico Crescer busca guiar o leitor a um exame cuidadoso da B\u00edblia, proporcionando uma abrangente rede de informa\u00e7\u00f5es sobre conceitos teol\u00f3gicos, fatos, personagens b\u00edblicas, lugares, plantas, animais, costumes, entre outros elementos. Possui diversas ilustra\u00e7\u00f5es e fotos coloridas que ajudam a esclarecer temas b\u00edblicos importantes.<\/p>\n","protected":false},"excerpt":{"rendered":"<p>O Dicion\u00e1rio B\u00edblico Crescer busca guiar o leitor a um exame cuidadoso da B\u00edblia, proporcionando uma abrangente rede de informa\u00e7\u00f5es&hellip;<\/p>\n","protected":false},"featured_media":325950,"comment_status":"open","ping_status":"closed","template":"","meta":[],"product_cat":[159,134],"product_tag":[],"_links":{"self":[{"href":"https:\/\/www.livrariarema.com.br\/loja\/wp-json\/wp\/v2\/product\/47876"}],"collection":[{"href":"https:\/\/www.livrariarema.com.br\/loja\/wp-json\/wp\/v2\/product"}],"about":[{"href":"https:\/\/www.livrariarema.com.br\/loja\/wp-json\/wp\/v2\/types\/product"}],"replies":[{"embeddable":true,"href":"https:\/\/www.livrariarema.com.br\/loja\/wp-json\/wp\/v2\/comments?post=47876"}],"wp:featuredmedia":[{"embeddable":true,"href":"https:\/\/www.livrariarema.com.br\/loja\/wp-json\/wp\/v2\/media\/325950"}],"wp:attachment":[{"href":"https:\/\/www.livrariarema.com.br\/loja\/wp-json\/wp\/v2\/media?parent=47876"}],"wp:term":[{"taxonomy":"product_cat","embeddable":true,"href":"https:\/\/www.livrariarema.com.br\/loja\/wp-json\/wp\/v2\/product_cat?post=47876"},{"taxonomy":"product_tag","embeddable":true,"href":"https:\/\/www.livrariarema.com.br\/loja\/wp-json\/wp\/v2\/product_tag?post=47876"}],"curies":[{"name":"wp","href":"https:\/\/api.w.org\/{rel}","templated":true}]}}