{"id":48007,"date":"2021-01-21T14:06:28","date_gmt":"2021-01-21T17:06:28","guid":{"rendered":"https:\/\/www.livrariarema.com.br\/loja\/produtos\/sem%20categoria\/discipulo-radical-o-john-stott\/"},"modified":"2025-11-28T12:21:06","modified_gmt":"2025-11-28T15:21:06","slug":"discipulo-radical-o-john-stott","status":"publish","type":"product","link":"https:\/\/www.livrariarema.com.br\/loja\/produtos\/livros\/vida-crista\/discipulo-radical-o-john-stott\/","title":{"rendered":"Discipulo Radical, O &#8211; John Stott"},"content":{"rendered":"<p>Para muitos, \u00e9 uma grande surpresa descobrir que os seguidores de Jesus Cristo s\u00e3o chamados de &#8220;crist\u00e3os&#8221; apenas tr\u00eas vezes na B\u00edblia. Claro, sabemos que tanto as palavras `crist\u00e3o` como `disc\u00edpulo` implicam relacionamento com Jesus. Mas, por que &#8220;disc\u00edpulo radical&#8221;?<\/p>\n<p>Para John Stott, a resposta \u00e9 \u00f3bvia. &#8220;Existem diferentes n\u00edveis de comprometimento na comunidade crist\u00e3. O pr\u00f3prio Jesus ilustra isso ao explicar o que aconteceu com as sementes na Par\u00e1bola do Semeador (Mt 13.3-23). A diferen\u00e7a est\u00e1 no tipo de solo que as recebeu. A semente semeada em solo rochoso `n\u00e3o tinha raiz`&#8221;.<\/p>\n<p>Evitamos o discipulado radical sendo seletivos: escolhemos as \u00e1reas nas quais o compromisso nos conv\u00e9m e ficamos distantes daquelas nas quais nosso envolvimento nos custar\u00e1 muito. No entanto, como disc\u00edpulos n\u00e3o temos esse direito.<\/p>\n<p>O Disc\u00edpulo Radical apresenta oito caracter\u00edsticas do discipulado crist\u00e3o que s\u00e3o comumente esquecidas, mas ainda precisam ser levadas a s\u00e9rio: inconformismo, semelhan\u00e7a com Cristo, maturidade, cuidado com a cria\u00e7\u00e3o, simplicidade, equil\u00edbrio, depend\u00eancia e morte. Com um texto profundamente b\u00edblico, tocante e de f\u00e1cil leitura, John Stott mostra a ess\u00eancia do que significa ser um disc\u00edpulo radical.<\/p>\n<p>&#8220;O lindo chamado de Deus para sermos verdadeiros disc\u00edpulos de Cristo \u00e9 o assunto deste livro, que certamente ser\u00e1 um marco em sua vida. Ao l\u00ea-lo, somos levados a passear pelas caracter\u00edsticas do discipulado crist\u00e3o: inconformismo, semelhan\u00e7a com Cristo, maturidade, cuidado com a cria\u00e7\u00e3o, simplicidade, equil\u00edbrio, depend\u00eancia e morte.<br \/>\nEm uma exposi\u00e7\u00e3o profundamente b\u00edblica e aplic\u00e1vel, somos levados a refletir sobre a realidade da nossa alma, pensamentos, valores e pr\u00e1tica crist\u00e3. John Stott se despede com este livro, afirmando ser o seu \u00faltimo. Talvez por este motivo ele utiliza o momento para se concentrar naquilo que \u00e9 essencial na vida crist\u00e3, e o faz como algu\u00e9m que busca com integridade teol\u00f3gica e cora\u00e7\u00e3o ardente ser um verdadeiro disc\u00edpulo de Cristo.&#8221;<br \/>\nRonaldo Lid\u00f3rio, antrop\u00f3logo e mission\u00e1rio<\/p>\n","protected":false},"excerpt":{"rendered":"<p>Para muitos, \u00e9 uma grande surpresa descobrir que os seguidores de Jesus Cristo s\u00e3o chamados de &#8220;crist\u00e3os&#8221; apenas tr\u00eas vezes&hellip;<\/p>\n","protected":false},"featured_media":338720,"comment_status":"open","ping_status":"closed","template":"","meta":[],"product_cat":[134,137],"product_tag":[],"_links":{"self":[{"href":"https:\/\/www.livrariarema.com.br\/loja\/wp-json\/wp\/v2\/product\/48007"}],"collection":[{"href":"https:\/\/www.livrariarema.com.br\/loja\/wp-json\/wp\/v2\/product"}],"about":[{"href":"https:\/\/www.livrariarema.com.br\/loja\/wp-json\/wp\/v2\/types\/product"}],"replies":[{"embeddable":true,"href":"https:\/\/www.livrariarema.com.br\/loja\/wp-json\/wp\/v2\/comments?post=48007"}],"wp:featuredmedia":[{"embeddable":true,"href":"https:\/\/www.livrariarema.com.br\/loja\/wp-json\/wp\/v2\/media\/338720"}],"wp:attachment":[{"href":"https:\/\/www.livrariarema.com.br\/loja\/wp-json\/wp\/v2\/media?parent=48007"}],"wp:term":[{"taxonomy":"product_cat","embeddable":true,"href":"https:\/\/www.livrariarema.com.br\/loja\/wp-json\/wp\/v2\/product_cat?post=48007"},{"taxonomy":"product_tag","embeddable":true,"href":"https:\/\/www.livrariarema.com.br\/loja\/wp-json\/wp\/v2\/product_tag?post=48007"}],"curies":[{"name":"wp","href":"https:\/\/api.w.org\/{rel}","templated":true}]}}