{"id":48032,"date":"2021-01-21T14:07:15","date_gmt":"2021-01-21T17:07:15","guid":{"rendered":"https:\/\/www.livrariarema.com.br\/loja\/produtos\/sem%20categoria\/licoes-missionarias-hudson-taylor-cartazes\/"},"modified":"2023-10-23T10:05:48","modified_gmt":"2023-10-23T13:05:48","slug":"licoes-missionarias-hudson-taylor-cartazes","status":"publish","type":"product","link":"https:\/\/www.livrariarema.com.br\/loja\/produtos\/diversos\/flanelografo-e-cartazes\/licoes-missionarias-hudson-taylor-cartazes\/","title":{"rendered":"Li\u00e7\u00f5es Mission\u00e1rias &#8211; Hudson Taylor &#8211; Cartazes"},"content":{"rendered":"<p>Marshall Broomhall escreveu uma biografia de Hudson Taylor, \u00e0 qual chamou: O Homem que Creu em Deus. Por\u00e9m, em contraste com o t\u00edtulo do livro, depois de 30 anos de fiel minist\u00e9rio na China, Hudson Taylor, humildemente disse a si mesmo: &#8220;Deus me escolheu porque eu era bastante fraco. Deus n\u00e3o fez Suas grandes obras por meio de grandes equipes. Ele treina algu\u00e9m at\u00e9 que seja bem manso e humilde e, ent\u00e3o, Ele o usa&#8221;. Apesar dessas palavras, n\u00e3o h\u00e1 d\u00favida de que a vida de Hudson Taylor foi de extraordin\u00e1ria confian\u00e7a e depend\u00eancia de Deus. Ele foi um homem com um sonho, enfrentou uma dura realidade, mas sempre foi um simples homem de Deus, que serviu a seu Senhor, ao servir o povo chin\u00eas. Para tanto era necess\u00e1rio aprender muita coisa: o respeito e o conhecimento da cultura daquele povo, a l\u00edngua do pa\u00eds e sobretudo aprender que &#8220;o trabalho de Deus feito de modo de Deus nunca ficar\u00e1 sem o suprimento de Deus&#8221;.<\/p>\n<p>Biografia contada em 5 cap\u00edtulos:<br \/>\n1) Desejo do menino<br \/>\n2) F\u00e9 do jovem<br \/>\n3) Viagem mission\u00e1ria<br \/>\n4) Recompensa do mission\u00e1rio<br \/>\n5) F\u00e9 provada<\/p>\n<p>Inclui: Figuras em Cartazes (8 para cada li\u00e7\u00e3o) com o vers\u00edculo tema visualizado &#8211; Livro Roteiro &#8211; Resumo de cada li\u00e7\u00e3o e Esbo\u00e7o &#8211; Perguntas para revis\u00e3o &#8211; Orienta\u00e7\u00e3o para o aconselhamento &#8211; Cartaz mission\u00e1rio e mapa mundi (itens reproduz\u00edveis).<\/p>\n","protected":false},"excerpt":{"rendered":"<p>Marshall Broomhall escreveu uma biografia de Hudson Taylor, \u00e0 qual chamou: O Homem que Creu em Deus. Por\u00e9m, em contraste&hellip;<\/p>\n","protected":false},"featured_media":260847,"comment_status":"open","ping_status":"closed","template":"","meta":[],"product_cat":[132,133],"product_tag":[],"_links":{"self":[{"href":"https:\/\/www.livrariarema.com.br\/loja\/wp-json\/wp\/v2\/product\/48032"}],"collection":[{"href":"https:\/\/www.livrariarema.com.br\/loja\/wp-json\/wp\/v2\/product"}],"about":[{"href":"https:\/\/www.livrariarema.com.br\/loja\/wp-json\/wp\/v2\/types\/product"}],"replies":[{"embeddable":true,"href":"https:\/\/www.livrariarema.com.br\/loja\/wp-json\/wp\/v2\/comments?post=48032"}],"wp:featuredmedia":[{"embeddable":true,"href":"https:\/\/www.livrariarema.com.br\/loja\/wp-json\/wp\/v2\/media\/260847"}],"wp:attachment":[{"href":"https:\/\/www.livrariarema.com.br\/loja\/wp-json\/wp\/v2\/media?parent=48032"}],"wp:term":[{"taxonomy":"product_cat","embeddable":true,"href":"https:\/\/www.livrariarema.com.br\/loja\/wp-json\/wp\/v2\/product_cat?post=48032"},{"taxonomy":"product_tag","embeddable":true,"href":"https:\/\/www.livrariarema.com.br\/loja\/wp-json\/wp\/v2\/product_tag?post=48032"}],"curies":[{"name":"wp","href":"https:\/\/api.w.org\/{rel}","templated":true}]}}