{"id":48036,"date":"2021-01-21T14:07:22","date_gmt":"2021-01-21T17:07:22","guid":{"rendered":"https:\/\/www.livrariarema.com.br\/loja\/produtos\/sem%20categoria\/licoes-do-antigo-testamento-eliseu-profeta-do-deus-fiel-cartazes\/"},"modified":"2025-04-03T09:40:09","modified_gmt":"2025-04-03T12:40:09","slug":"licoes-do-antigo-testamento-eliseu-profeta-do-deus-fiel-cartazes","status":"publish","type":"product","link":"https:\/\/www.livrariarema.com.br\/loja\/produtos\/diversos\/flanelografo-e-cartazes\/licoes-do-antigo-testamento-eliseu-profeta-do-deus-fiel-cartazes\/","title":{"rendered":"Li\u00e7\u00f5es Do Antigo Testamento &#8211; Eliseu, Profeta Do Deus Fiel &#8211; Cartazes"},"content":{"rendered":"<p>Com essas lindas hist\u00f3rias as crian\u00e7as apreciar\u00e3o o poder e a fidelidade do Deus como provedor e protetor.<\/p>\n<p>5 Li\u00e7\u00f5es B\u00edblicas Evangel\u00edsticas para crian\u00e7as de 5 a 12 anos, com sugest\u00e3o de aplica\u00e7\u00e3o para crian\u00e7as em idade Pr\u00e9 Escolar:<\/p>\n<p>1) Deus d\u00e1 autoridade a Eliseu (Ensino Principal &#8211; Deus quer que voc\u00ea mostre respeito por seus servos)<br \/>\n2) Eliseu e o azeite da vi\u00fava (Ensino Principal &#8211; Nas horas dif\u00edceis, seu Pai Celeste supror\u00e1 tudo o que voc\u00ea precisar)<br \/>\n3) Eliseu ressuscita o filho da Sunamita (Ensino Principal &#8211; Deus \u00e9 fiel e sempre cumpre as suas promessas)<br \/>\n4) Naam\u00e3 \u00e9 curado da lepra (Ensino Principal &#8211; S\u00f3 existe um caminho, preparado por Deus, para voc\u00ea ser purificado do pecado)<br \/>\n5) Eliseu confia na prote\u00e7\u00e3o de Deus (Ensino Principal &#8211; Confie que Deus pode proteger voc\u00ea)<br \/>\n6) Creia nas Boas Novas (Ensino Principal &#8211; Creia nas boas novas e ser\u00e1 salvo)<\/p>\n<p>Inclui: Figuras em Cartazes (6 para cada li\u00e7\u00e3o) com os vers\u00edculos visualizados &#8211; Livro Roteiro &#8211; Tabela de Planejamento -Resumo de cada li\u00e7\u00e3o e Esbo\u00e7o &#8211; Ideia de programa de aula para 60 minutos &#8211; Como fazer a memoriza\u00e7\u00e3o de cada vers\u00edculo &#8211; Brincadeiras e perguntas para revis\u00e3o &#8211; Atividade de aprendizagem &#8211; Lembretes dos vers\u00edculos (itens reproduz\u00edveis) <\/p>\n","protected":false},"excerpt":{"rendered":"<p>Com essas lindas hist\u00f3rias as crian\u00e7as apreciar\u00e3o o poder e a fidelidade do Deus como provedor e protetor. 5 Li\u00e7\u00f5es&hellip;<\/p>\n","protected":false},"featured_media":236004,"comment_status":"open","ping_status":"closed","template":"","meta":[],"product_cat":[132,133],"product_tag":[],"_links":{"self":[{"href":"https:\/\/www.livrariarema.com.br\/loja\/wp-json\/wp\/v2\/product\/48036"}],"collection":[{"href":"https:\/\/www.livrariarema.com.br\/loja\/wp-json\/wp\/v2\/product"}],"about":[{"href":"https:\/\/www.livrariarema.com.br\/loja\/wp-json\/wp\/v2\/types\/product"}],"replies":[{"embeddable":true,"href":"https:\/\/www.livrariarema.com.br\/loja\/wp-json\/wp\/v2\/comments?post=48036"}],"wp:featuredmedia":[{"embeddable":true,"href":"https:\/\/www.livrariarema.com.br\/loja\/wp-json\/wp\/v2\/media\/236004"}],"wp:attachment":[{"href":"https:\/\/www.livrariarema.com.br\/loja\/wp-json\/wp\/v2\/media?parent=48036"}],"wp:term":[{"taxonomy":"product_cat","embeddable":true,"href":"https:\/\/www.livrariarema.com.br\/loja\/wp-json\/wp\/v2\/product_cat?post=48036"},{"taxonomy":"product_tag","embeddable":true,"href":"https:\/\/www.livrariarema.com.br\/loja\/wp-json\/wp\/v2\/product_tag?post=48036"}],"curies":[{"name":"wp","href":"https:\/\/api.w.org\/{rel}","templated":true}]}}