{"id":48038,"date":"2021-01-21T14:07:26","date_gmt":"2021-01-21T17:07:26","guid":{"rendered":"https:\/\/www.livrariarema.com.br\/loja\/produtos\/sem%20categoria\/licoes-evangelisticas-unico-caminho-cartazes\/"},"modified":"2025-04-03T09:40:27","modified_gmt":"2025-04-03T12:40:27","slug":"licoes-evangelisticas-unico-caminho-cartazes","status":"publish","type":"product","link":"https:\/\/www.livrariarema.com.br\/loja\/produtos\/diversos\/flanelografo-e-cartazes\/licoes-evangelisticas-unico-caminho-cartazes\/","title":{"rendered":"Li\u00e7\u00f5es Evangel\u00edsticas &#8211; \u00danico Caminho &#8211; Cartazes"},"content":{"rendered":"<p>Com essas lindas hist\u00f3rias as crian\u00e7as compreender\u00e3o que h\u00e1 um \u00daNICO CAMINHO que conduz \u00e0 salva\u00e7\u00e3o e \u00e0 vida eterna com Deus.<\/p>\n<p>5 Li\u00e7\u00f5es B\u00edblicas Evangel\u00edsticas para crian\u00e7as de 5 a 12 anos, com sugest\u00e3o de aplica\u00e7\u00e3o para crian\u00e7as em idade Pr\u00e9 Escolar:<br \/>\n1. CAIM E ABEL (O \u00danico Caminho para voc\u00ea vir a Deus)<br \/>\n2. A SERPENTE DE BRONZE (O \u00danico Caminho para voc\u00ea ser salvo)<br \/>\n3. NAAM\u00c3 (O \u00danico Caminho para voc\u00ea ficar limpo)<br \/>\n4. NICODEMOS (O \u00danico Caminho para voc\u00ea nascer de novo)<br \/>\n5. O FILHO PERDIDO (O \u00danico Caminho para voc\u00ea ser perdoado)<\/p>\n<p>Este material inclui:<br \/>\nFiguras em Cartazes (6 para cada li\u00e7\u00e3o)<br \/>\nLivro Roteiro<br \/>\nTabela de Planejamento<br \/>\nResumo de cada li\u00e7\u00e3o e Esbo\u00e7o<br \/>\nIdeia de programa de aula para 60 minutos<br \/>\nComo fazer a memoriza\u00e7\u00e3o de cada vers\u00edculo<br \/>\nSugest\u00f5es de brincadeiras<br \/>\nPerguntas de revis\u00e3o da aula<br \/>\nAtividade de aprendizagem<br \/>\nCart\u00f5es para ensinar os vers\u00edculos (itens reproduz\u00edveis)<br \/>\nLembretes dos vers\u00edculos (itens reproduz\u00edveis)<br \/>\nPartituras das m\u00fasicas<br \/>\nMapa colorido na contracapa<\/p>\n","protected":false},"excerpt":{"rendered":"<p>Com essas lindas hist\u00f3rias as crian\u00e7as compreender\u00e3o que h\u00e1 um \u00daNICO CAMINHO que conduz \u00e0 salva\u00e7\u00e3o e \u00e0 vida eterna&hellip;<\/p>\n","protected":false},"featured_media":253016,"comment_status":"open","ping_status":"closed","template":"","meta":[],"product_cat":[132,133],"product_tag":[],"_links":{"self":[{"href":"https:\/\/www.livrariarema.com.br\/loja\/wp-json\/wp\/v2\/product\/48038"}],"collection":[{"href":"https:\/\/www.livrariarema.com.br\/loja\/wp-json\/wp\/v2\/product"}],"about":[{"href":"https:\/\/www.livrariarema.com.br\/loja\/wp-json\/wp\/v2\/types\/product"}],"replies":[{"embeddable":true,"href":"https:\/\/www.livrariarema.com.br\/loja\/wp-json\/wp\/v2\/comments?post=48038"}],"wp:featuredmedia":[{"embeddable":true,"href":"https:\/\/www.livrariarema.com.br\/loja\/wp-json\/wp\/v2\/media\/253016"}],"wp:attachment":[{"href":"https:\/\/www.livrariarema.com.br\/loja\/wp-json\/wp\/v2\/media?parent=48038"}],"wp:term":[{"taxonomy":"product_cat","embeddable":true,"href":"https:\/\/www.livrariarema.com.br\/loja\/wp-json\/wp\/v2\/product_cat?post=48038"},{"taxonomy":"product_tag","embeddable":true,"href":"https:\/\/www.livrariarema.com.br\/loja\/wp-json\/wp\/v2\/product_tag?post=48038"}],"curies":[{"name":"wp","href":"https:\/\/api.w.org\/{rel}","templated":true}]}}