{"id":48040,"date":"2021-01-21T14:07:29","date_gmt":"2021-01-21T17:07:29","guid":{"rendered":"https:\/\/www.livrariarema.com.br\/loja\/produtos\/sem%20categoria\/licoes-especiais-as-duas-esponjas-cartazes\/"},"modified":"2024-04-09T11:48:26","modified_gmt":"2024-04-09T14:48:26","slug":"licoes-especiais-as-duas-esponjas-cartazes","status":"publish","type":"product","link":"https:\/\/www.livrariarema.com.br\/loja\/produtos\/diversos\/flanelografo-e-cartazes\/licoes-especiais-as-duas-esponjas-cartazes\/","title":{"rendered":"Li\u00e7\u00f5es Especiais &#8211; As Duas Esponjas &#8211; Cartazes"},"content":{"rendered":"<p>Era uma vez um cozinha. Um dia, as pessoas da casa sa\u00edram e as lou\u00e7as ficaram sujas em cima da pia. Elas come\u00e7am, ent\u00e3o, a se queixar da sujeira que estavam nelas. Foi ent\u00e3o que apareceu uma esponja querendo limp\u00e1-las. S\u00f3 que ela estava muito suja, engordurada e fedida. E ela esfregou, esfregou e as lou\u00e7as ficaram ainda mais sujas! Ent\u00e3o, apareceu outra esponja: limpa, sem gordura e cheirosa que lavou as lou\u00e7as e as deixou brilhando! Da mesma forma, s\u00f3 Jesus, que nunca pecou, pode nos limpar do pecado.<\/p>\n<p>Objetivo do ensino<br \/>\nCrian\u00e7a n\u00e3o salva: que ela compreenda a mensagem do evangelho e receba Jesus como seu Salvador.<br \/>\nCrian\u00e7a Salva: que ela compreenda que s\u00f3 Jesus pode limpar o seu pecado e que ela deve ajudar nas tarefas dom\u00e9sticas, como lavar a lou\u00e7a.<\/p>\n<p>Inclui: Figuras em Cartazes &#8211; Vers\u00edculo Salmo 51:7 &#8211; C\u00e2ntico Tema: Cora\u00e7\u00e3o Limpo &#8211; Livro para colorir &#8211; Roteiro da li\u00e7\u00e3o<\/p>\n","protected":false},"excerpt":{"rendered":"<p>Era uma vez um cozinha. Um dia, as pessoas da casa sa\u00edram e as lou\u00e7as ficaram sujas em cima da&hellip;<\/p>\n","protected":false},"featured_media":291312,"comment_status":"open","ping_status":"closed","template":"","meta":[],"product_cat":[132,133],"product_tag":[],"_links":{"self":[{"href":"https:\/\/www.livrariarema.com.br\/loja\/wp-json\/wp\/v2\/product\/48040"}],"collection":[{"href":"https:\/\/www.livrariarema.com.br\/loja\/wp-json\/wp\/v2\/product"}],"about":[{"href":"https:\/\/www.livrariarema.com.br\/loja\/wp-json\/wp\/v2\/types\/product"}],"replies":[{"embeddable":true,"href":"https:\/\/www.livrariarema.com.br\/loja\/wp-json\/wp\/v2\/comments?post=48040"}],"wp:featuredmedia":[{"embeddable":true,"href":"https:\/\/www.livrariarema.com.br\/loja\/wp-json\/wp\/v2\/media\/291312"}],"wp:attachment":[{"href":"https:\/\/www.livrariarema.com.br\/loja\/wp-json\/wp\/v2\/media?parent=48040"}],"wp:term":[{"taxonomy":"product_cat","embeddable":true,"href":"https:\/\/www.livrariarema.com.br\/loja\/wp-json\/wp\/v2\/product_cat?post=48040"},{"taxonomy":"product_tag","embeddable":true,"href":"https:\/\/www.livrariarema.com.br\/loja\/wp-json\/wp\/v2\/product_tag?post=48040"}],"curies":[{"name":"wp","href":"https:\/\/api.w.org\/{rel}","templated":true}]}}