{"id":48042,"date":"2021-01-21T14:07:33","date_gmt":"2021-01-21T17:07:33","guid":{"rendered":"https:\/\/www.livrariarema.com.br\/loja\/produtos\/sem%20categoria\/licoes-evangelisticas-biblia-meu-tesouro-cartazes\/"},"modified":"2025-01-10T09:41:48","modified_gmt":"2025-01-10T12:41:48","slug":"licoes-evangelisticas-biblia-meu-tesouro-cartazes","status":"publish","type":"product","link":"https:\/\/www.livrariarema.com.br\/loja\/produtos\/diversos\/flanelografo-e-cartazes\/licoes-evangelisticas-biblia-meu-tesouro-cartazes\/","title":{"rendered":"Li\u00e7\u00f5es Evangel\u00edsticas &#8211;  Biblia, Meu Tesouro &#8211; Cartazes"},"content":{"rendered":"<p>Com essas lindas hist\u00f3rias as crian\u00e7as aprender\u00e3o mais sobre a B\u00edblia.<\/p>\n<p>5 Li\u00e7\u00f5es B\u00edblicas Evangel\u00edsticas para crian\u00e7as de 5 a 12 anos, com sugest\u00e3o de aplica\u00e7\u00e3o para crian\u00e7as em idade Pr\u00e9 Escolar:<br \/>\n1) Josias, o Jovem Rei &#8211; A B\u00edblia \u00e9 a palavra inspirada de Deus, atrav\u00e9s da qual Ele se revela e fala ao nosso cora\u00e7\u00e3o.<br \/>\n2) Jeremias e Baruque &#8211; A B\u00edblia \u00e9 a palavra eterna de Deus e apesar dos muitos inimigos, jamais ser\u00e1 destru\u00edda.<br \/>\n3) O Filho Pr\u00f3digo &#8211; A B\u00edblia \u00e9 a palavra viva de Deus, poderosa para dar vida a todos os que nEle confiam e que O obedecem.<br \/>\n4) Daniel Mant\u00e9m-se Puro &#8211; A B\u00edblia \u00e9 a palavra santa de Deus, poderosa para conceder uma vida pura e santa.<br \/>\n5) Cristo no Caminho de Ema\u00fas &#8211; A B\u00edblia \u00e9 a palavra viva de Deus, o tema central, o grande tesouro da Palavra de Deus<\/p>\n<p>Inclui: <br \/>\n&#8211; Figuras em Cartazes (6 para cada li\u00e7\u00e3o) com os vers\u00edculos visualizados <br \/>\n&#8211; Figuras de aplica\u00e7\u00e3o para pr\u00e9-escolares <br \/>\n&#8211; Livro Roteiro <br \/>\n&#8211; Tabela de Planejamento <br \/>\n&#8211; Resumo de cada li\u00e7\u00e3o e Esbo\u00e7o <br \/>\n&#8211; Ideia de programa de aula para 60 minutos <br \/>\n&#8211; Como fazer a memoriza\u00e7\u00e3o de cada vers\u00edculo <br \/>\n&#8211; Brincadeiras e perguntas para revis\u00e3o <br \/>\n&#8211; Atividade de aprendizagem <br \/>\n&#8211; Cart\u00f5es para ensinar os vers\u00edculos (itens reproduz\u00edveis) <br \/>\n&#8211; Lembretes dos vers\u00edculos (itens reproduz\u00edveis)<\/p>\n","protected":false},"excerpt":{"rendered":"<p>Com essas lindas hist\u00f3rias as crian\u00e7as aprender\u00e3o mais sobre a B\u00edblia. 5 Li\u00e7\u00f5es B\u00edblicas Evangel\u00edsticas para crian\u00e7as de 5 a&hellip;<\/p>\n","protected":false},"featured_media":264048,"comment_status":"open","ping_status":"closed","template":"","meta":[],"product_cat":[132,133],"product_tag":[],"_links":{"self":[{"href":"https:\/\/www.livrariarema.com.br\/loja\/wp-json\/wp\/v2\/product\/48042"}],"collection":[{"href":"https:\/\/www.livrariarema.com.br\/loja\/wp-json\/wp\/v2\/product"}],"about":[{"href":"https:\/\/www.livrariarema.com.br\/loja\/wp-json\/wp\/v2\/types\/product"}],"replies":[{"embeddable":true,"href":"https:\/\/www.livrariarema.com.br\/loja\/wp-json\/wp\/v2\/comments?post=48042"}],"wp:featuredmedia":[{"embeddable":true,"href":"https:\/\/www.livrariarema.com.br\/loja\/wp-json\/wp\/v2\/media\/264048"}],"wp:attachment":[{"href":"https:\/\/www.livrariarema.com.br\/loja\/wp-json\/wp\/v2\/media?parent=48042"}],"wp:term":[{"taxonomy":"product_cat","embeddable":true,"href":"https:\/\/www.livrariarema.com.br\/loja\/wp-json\/wp\/v2\/product_cat?post=48042"},{"taxonomy":"product_tag","embeddable":true,"href":"https:\/\/www.livrariarema.com.br\/loja\/wp-json\/wp\/v2\/product_tag?post=48042"}],"curies":[{"name":"wp","href":"https:\/\/api.w.org\/{rel}","templated":true}]}}